{"id":2812,"date":"2024-05-21T07:38:03","date_gmt":"2024-05-21T05:38:03","guid":{"rendered":"https:\/\/ga-p.com\/buscador\/"},"modified":"2024-07-12T09:28:33","modified_gmt":"2024-07-12T07:28:33","slug":"search","status":"publish","type":"page","link":"https:\/\/ga-p.com\/en\/search\/","title":{"rendered":"Search"},"content":{"rendered":"\n\n<div id=\"Volver-block_baac4b203499e3c9aff06459b98ce08c\" class=\"d-none d-lg-block Volver\" style=\"background-color: #FFFFFF\">\n    <div class=\"container\">\n        <div class=\"row\">\n            <div class=\"col-12\">\n                <div class=\"backTo d-flex align-items-center gap-2\" onclick=\"window.location.href='https:\/\/ga-p.com\/en\/';\">\n                    <img decoding=\"async\" alt=\"icon\" src=\"https:\/\/ga-p.com\/wp-content\/themes\/ga-p\/assets\/images\/left-arrow-orange.svg\" \/>\n                    <div class=\"text\">Go back to <strong>Home<\/strong><\/div>\n                <\/div>\n            <\/div>\n        <\/div>\n    <\/div>\n<\/div>\n\n\n<div id=\"Buscador-block_baf9c2a34a949ebad39087a04522627b\" class=\"Buscador\">\n    <div class=\"container\">\n        <div class=row\">\n            <div class=\"col-12\" style=\"overflow: hidden;\">\n                <div class=\"resultados\">\n                    <div class=\"resultsCount\"><b>0 results<\/b> search engine on<\/div>\n                    <div class=\"keyWord\"><\/div>\n                <\/div>\n            <\/div>\n        <\/div>\n    <\/div>\n    <div class=\"blockSearch\">\n        <div class=\"container\">\n            <div class=\"filtros\">\n                <div class=\"row\">\n                    <div class=\"col-12 col-lg-9 searchInput\">\n                        <div class=\"h-100 searchTextContainer position-relative\">\n                            <input class=\"searchText\" type=\"text\" value=\"\" placeholder=\"Perform search...\">\n                            <input class=\"pagina_donde_estan_los_eventos\" type=\"hidden\" value=\"https:\/\/ga-p.com\/en\/news\/\">\n                            <input class=\"ignorar_posts\" type=\"hidden\" value=\"[68496,2812]\">\n                            <img decoding=\"async\" class=\"clearInput\" src=\"https:\/\/ga-p.com\/wp-content\/themes\/ga-p\/assets\/images\/clear-input.svg\" \/>\n                        <\/div>\n                    <\/div>\n                    <div class=\"col-12 col-lg-3 border-start contentType order-2 order-lg-1\">\n                        <div id=\"tipo\"><\/div>\n                    <\/div>\n                    <button class=\"submitSearch\" type=\"submit\">Search<\/button>\n                <\/div>\n            <\/div>\n        <\/div>\n        <div class=\"elementosBusqueda\">\n            <div class=\"container\">\n                <div class=\"row\">\n                    <div class=\"col-12\">\n                        <div class=\"contenido postsBlock\">\n                                                            <h3>We have not found any results with these search parameters.<\/h3>\n                                                    <\/div>\n                    <\/div>\n                <\/div>\n            <\/div>\n        <\/div>\n        <div class=\"inferior pt-4 pt-l-0\"  style=\"display:none\" >\n            <div class=\"container\">\n                <div class=\"row align-items-center\">\n                    <div class=\"col-12 col-lg-6 d-none d-lg-block\">\n                        <div class=\"numero_por_pagina d-lg-flex d-none\">\n                            Results per pages                            <div class=\"number active\" data-pagina=\"12\">12<\/div>\n                            <div class=\"number\" data-pagina=\"24\">24<\/div>\n                            <div class=\"number\" data-pagina=\"36\">36<\/div>\n                        <\/div>\n                    <\/div>\n                    <div class=\"col-12 col-lg-6 d-flex justify-content-center justify-content-lg-end\">\n                        <div class=\"paginacion\">\n                                                    <\/div>\n                    <\/div>\n                <\/div>\n            <\/div>\n        <\/div>\n    <\/div>\n<\/div>\n\n<script>\n    const busqueda_texto = \"Type of content\"\n    const opcion_seleccionada_texto = \"Selected option\"\n    const opciones_seleccionadas_texto = \"Selected options\"\n    const seleccionar_todo = \"Select all\"\n\n    const busqueda_options = [{\n            label: 'Areas',\n            value: 'area'\n        },\n        {\n            label: 'Sectors',\n            value: 'sector'\n        },\n        {\n            label: 'Recognitions',\n            value: 'reconocimiento'\n        },\n        {\n            label: 'Offices',\n            value: 'oficina'\n        },\n        {\n            label: 'People',\n            value: 'persona'\n        },\n        {\n            label: 'Events',\n            value: 'evento'\n        },\n        {\n            label: 'News',\n            value: 'noticia'\n        },\n        {\n            label: 'Publications',\n            value: 'publicacion'\n        },\n        {\n            label: 'Reports',\n            value: 'informe'\n        },\n        {\n            label: 'SECTIONS',\n            value: 'page'\n        },\n    ]\n<\/script>","protected":false},"excerpt":{"rendered":"","protected":false},"author":3,"featured_media":0,"parent":0,"menu_order":0,"comment_status":"closed","ping_status":"closed","template":"","meta":{"_acf_changed":false,"footnotes":""},"class_list":["post-2812","page","type-page","status-publish","hentry"],"acf":[],"yoast_head":"<!-- This site is optimized with the Yoast SEO plugin v27.3 - https:\/\/yoast.com\/product\/yoast-seo-wordpress\/ -->\n<title>Search - Despacho de abogados G\u00f3mez-Acebo y Pombo<\/title>\n<meta name=\"description\" content=\"Find everything you need at G\u00f3mez-Acebo &amp; Pombo, an international law firm specialized in corporate, financial, real estate and technology law.\" \/>\n<meta name=\"robots\" content=\"index, follow, max-snippet:-1, max-image-preview:large, max-video-preview:-1\" \/>\n<link rel=\"canonical\" href=\"https:\/\/ga-p.com\/en\/search\/\" \/>\n<meta property=\"og:locale\" content=\"en_US\" \/>\n<meta property=\"og:type\" content=\"article\" \/>\n<meta property=\"og:title\" content=\"Search - Despacho de abogados G\u00f3mez-Acebo y Pombo\" \/>\n<meta property=\"og:description\" content=\"Find everything you need at G\u00f3mez-Acebo &amp; Pombo, an international law firm specialized in corporate, financial, real estate and technology law.\" \/>\n<meta property=\"og:url\" content=\"https:\/\/ga-p.com\/en\/search\/\" \/>\n<meta property=\"og:site_name\" content=\"Despacho de abogados G\u00f3mez-Acebo y Pombo\" \/>\n<meta property=\"article:modified_time\" content=\"2024-07-12T07:28:33+00:00\" \/>\n<meta name=\"twitter:card\" content=\"summary_large_image\" \/>\n<script type=\"application\/ld+json\" class=\"yoast-schema-graph\">{\"@context\":\"https:\\\/\\\/schema.org\",\"@graph\":[{\"@type\":\"WebPage\",\"@id\":\"https:\\\/\\\/ga-p.com\\\/en\\\/search\\\/\",\"url\":\"https:\\\/\\\/ga-p.com\\\/en\\\/search\\\/\",\"name\":\"Search - Despacho de abogados G\u00f3mez-Acebo y Pombo\",\"isPartOf\":{\"@id\":\"https:\\\/\\\/ga-p.com\\\/en\\\/#website\"},\"datePublished\":\"2024-05-21T05:38:03+00:00\",\"dateModified\":\"2024-07-12T07:28:33+00:00\",\"description\":\"Find everything you need at G\u00f3mez-Acebo & Pombo, an international law firm specialized in corporate, financial, real estate and technology law.\",\"breadcrumb\":{\"@id\":\"https:\\\/\\\/ga-p.com\\\/en\\\/search\\\/#breadcrumb\"},\"inLanguage\":\"en-US\",\"potentialAction\":[{\"@type\":\"ReadAction\",\"target\":[\"https:\\\/\\\/ga-p.com\\\/en\\\/search\\\/\"]}]},{\"@type\":\"BreadcrumbList\",\"@id\":\"https:\\\/\\\/ga-p.com\\\/en\\\/search\\\/#breadcrumb\",\"itemListElement\":[{\"@type\":\"ListItem\",\"position\":1,\"name\":\"Portada\",\"item\":\"https:\\\/\\\/ga-p.com\\\/en\\\/\"},{\"@type\":\"ListItem\",\"position\":2,\"name\":\"Search\"}]},{\"@type\":\"WebSite\",\"@id\":\"https:\\\/\\\/ga-p.com\\\/en\\\/#website\",\"url\":\"https:\\\/\\\/ga-p.com\\\/en\\\/\",\"name\":\"Despacho de abogados G\u00f3mez-Acebo & Pombo\",\"description\":\"G\u00f3mez-Acebo y Pombo es una firma de abogados independiente, con experiencia internacional, especializada en todas las \u00e1reas del derecho de los negocio.\",\"publisher\":{\"@id\":\"https:\\\/\\\/ga-p.com\\\/en\\\/#organization\"},\"potentialAction\":[{\"@type\":\"SearchAction\",\"target\":{\"@type\":\"EntryPoint\",\"urlTemplate\":\"https:\\\/\\\/ga-p.com\\\/en\\\/?s={search_term_string}\"},\"query-input\":{\"@type\":\"PropertyValueSpecification\",\"valueRequired\":true,\"valueName\":\"search_term_string\"}}],\"inLanguage\":\"en-US\"},{\"@type\":\"Organization\",\"@id\":\"https:\\\/\\\/ga-p.com\\\/en\\\/#organization\",\"name\":\"Despacho de abogados G\u00f3mez-Acebo & Pombo\",\"url\":\"https:\\\/\\\/ga-p.com\\\/en\\\/\",\"logo\":{\"@type\":\"ImageObject\",\"inLanguage\":\"en-US\",\"@id\":\"https:\\\/\\\/ga-p.com\\\/en\\\/#\\\/schema\\\/logo\\\/image\\\/\",\"url\":\"https:\\\/\\\/ga-p.com\\\/wp-content\\\/uploads\\\/2024\\\/09\\\/Logo-1-1.svg\",\"contentUrl\":\"https:\\\/\\\/ga-p.com\\\/wp-content\\\/uploads\\\/2024\\\/09\\\/Logo-1-1.svg\",\"caption\":\"Despacho de abogados G\u00f3mez-Acebo & Pombo\"},\"image\":{\"@id\":\"https:\\\/\\\/ga-p.com\\\/en\\\/#\\\/schema\\\/logo\\\/image\\\/\"}}]}<\/script>\n<!-- \/ Yoast SEO plugin. -->","yoast_head_json":{"title":"Search - Despacho de abogados G\u00f3mez-Acebo y Pombo","description":"Find everything you need at G\u00f3mez-Acebo & Pombo, an international law firm specialized in corporate, financial, real estate and technology law.","robots":{"index":"index","follow":"follow","max-snippet":"max-snippet:-1","max-image-preview":"max-image-preview:large","max-video-preview":"max-video-preview:-1"},"canonical":"https:\/\/ga-p.com\/en\/search\/","og_locale":"en_US","og_type":"article","og_title":"Search - Despacho de abogados G\u00f3mez-Acebo y Pombo","og_description":"Find everything you need at G\u00f3mez-Acebo & Pombo, an international law firm specialized in corporate, financial, real estate and technology law.","og_url":"https:\/\/ga-p.com\/en\/search\/","og_site_name":"Despacho de abogados G\u00f3mez-Acebo y Pombo","article_modified_time":"2024-07-12T07:28:33+00:00","twitter_card":"summary_large_image","schema":{"@context":"https:\/\/schema.org","@graph":[{"@type":"WebPage","@id":"https:\/\/ga-p.com\/en\/search\/","url":"https:\/\/ga-p.com\/en\/search\/","name":"Search - Despacho de abogados G\u00f3mez-Acebo y Pombo","isPartOf":{"@id":"https:\/\/ga-p.com\/en\/#website"},"datePublished":"2024-05-21T05:38:03+00:00","dateModified":"2024-07-12T07:28:33+00:00","description":"Find everything you need at G\u00f3mez-Acebo & Pombo, an international law firm specialized in corporate, financial, real estate and technology law.","breadcrumb":{"@id":"https:\/\/ga-p.com\/en\/search\/#breadcrumb"},"inLanguage":"en-US","potentialAction":[{"@type":"ReadAction","target":["https:\/\/ga-p.com\/en\/search\/"]}]},{"@type":"BreadcrumbList","@id":"https:\/\/ga-p.com\/en\/search\/#breadcrumb","itemListElement":[{"@type":"ListItem","position":1,"name":"Portada","item":"https:\/\/ga-p.com\/en\/"},{"@type":"ListItem","position":2,"name":"Search"}]},{"@type":"WebSite","@id":"https:\/\/ga-p.com\/en\/#website","url":"https:\/\/ga-p.com\/en\/","name":"Despacho de abogados G\u00f3mez-Acebo & Pombo","description":"G\u00f3mez-Acebo y Pombo es una firma de abogados independiente, con experiencia internacional, especializada en todas las \u00e1reas del derecho de los negocio.","publisher":{"@id":"https:\/\/ga-p.com\/en\/#organization"},"potentialAction":[{"@type":"SearchAction","target":{"@type":"EntryPoint","urlTemplate":"https:\/\/ga-p.com\/en\/?s={search_term_string}"},"query-input":{"@type":"PropertyValueSpecification","valueRequired":true,"valueName":"search_term_string"}}],"inLanguage":"en-US"},{"@type":"Organization","@id":"https:\/\/ga-p.com\/en\/#organization","name":"Despacho de abogados G\u00f3mez-Acebo & Pombo","url":"https:\/\/ga-p.com\/en\/","logo":{"@type":"ImageObject","inLanguage":"en-US","@id":"https:\/\/ga-p.com\/en\/#\/schema\/logo\/image\/","url":"https:\/\/ga-p.com\/wp-content\/uploads\/2024\/09\/Logo-1-1.svg","contentUrl":"https:\/\/ga-p.com\/wp-content\/uploads\/2024\/09\/Logo-1-1.svg","caption":"Despacho de abogados G\u00f3mez-Acebo & Pombo"},"image":{"@id":"https:\/\/ga-p.com\/en\/#\/schema\/logo\/image\/"}}]}},"_links":{"self":[{"href":"https:\/\/ga-p.com\/en\/wp-json\/wp\/v2\/pages\/2812","targetHints":{"allow":["GET"]}}],"collection":[{"href":"https:\/\/ga-p.com\/en\/wp-json\/wp\/v2\/pages"}],"about":[{"href":"https:\/\/ga-p.com\/en\/wp-json\/wp\/v2\/types\/page"}],"author":[{"embeddable":true,"href":"https:\/\/ga-p.com\/en\/wp-json\/wp\/v2\/users\/3"}],"replies":[{"embeddable":true,"href":"https:\/\/ga-p.com\/en\/wp-json\/wp\/v2\/comments?post=2812"}],"version-history":[{"count":0,"href":"https:\/\/ga-p.com\/en\/wp-json\/wp\/v2\/pages\/2812\/revisions"}],"wp:attachment":[{"href":"https:\/\/ga-p.com\/en\/wp-json\/wp\/v2\/media?parent=2812"}],"curies":[{"name":"wp","href":"https:\/\/api.w.org\/{rel}","templated":true}]}}