{"id":349551,"date":"2025-05-16T09:11:37","date_gmt":"2025-05-16T07:11:37","guid":{"rendered":"https:\/\/ga-p.com\/activate\/"},"modified":"2025-05-16T09:16:48","modified_gmt":"2025-05-16T07:16:48","slug":"activate","status":"publish","type":"page","link":"https:\/\/ga-p.com\/en\/activate\/","title":{"rendered":"Activate"},"content":{"rendered":"\n<div id=\"ConfirmacionEmails-block_afb8e0c5122f285529afed17b0457520\" class=\"ConfirmacionEmails\">\n    <div class=\"container\">\n        <div class=\"row\">\n            <div class=\"col-12\">\n                <div class=\"titulo_superior\"><\/div>\n                <div class=\"titulo_inferior\"><\/div>\n            <\/div>\n                            <div class=\"texto\"><p>Here are some links to help you keep surfing<\/p>\n<\/div>\n                <div class=\"enlaces\">\n                                            <div class=\"tarjeta\">\n                            <a  href=\"https:\/\/ga-p.com\/en\/get-to-know-us\/\" >\n                                <div class=\"blockTarjeta\">\n                                    <div class=\"titulo\"><p>Get to know us<\/p>\n<\/div>\n                                                                            <div class=\"imagen\">\n                                            <img decoding=\"async\" width=\"332\" height=\"204\" src=\"https:\/\/ga-p.com\/wp-content\/uploads\/2025\/05\/activate-1.webp\" class=\"\" alt=\"\" loading=\"lazy\" srcset=\"https:\/\/ga-p.com\/wp-content\/uploads\/2025\/05\/activate-1.webp 332w, https:\/\/ga-p.com\/wp-content\/uploads\/2025\/05\/activate-1-300x184.webp 300w\" sizes=\"auto, (max-width: 332px) 100vw, 332px\" \/>                                        <\/div>\n                                                                        <div class=\"openCard\">\n                                        <img decoding=\"async\" alt=\"icon\" src=\"https:\/\/ga-p.com\/wp-content\/themes\/ga-p\/assets\/images\/arrow-card-coral.webp\" \/>\n                                        <img decoding=\"async\" alt=\"icon\" src=\"https:\/\/ga-p.com\/wp-content\/themes\/ga-p\/assets\/images\/arrow-card-coral.webp\" \/>\n                                    <\/div>\n                                <\/div>\n                            <\/a>\n                        <\/div>\n                                            <div class=\"tarjeta\">\n                            <a  href=\"https:\/\/ga-p.com\/en\/news\/\" >\n                                <div class=\"blockTarjeta\">\n                                    <div class=\"titulo\"><p>News<\/p>\n<\/div>\n                                                                            <div class=\"imagen\">\n                                            <img decoding=\"async\" width=\"333\" height=\"204\" src=\"https:\/\/ga-p.com\/wp-content\/uploads\/2025\/05\/activate-2.webp\" class=\"\" alt=\"\" loading=\"lazy\" srcset=\"https:\/\/ga-p.com\/wp-content\/uploads\/2025\/05\/activate-2.webp 333w, https:\/\/ga-p.com\/wp-content\/uploads\/2025\/05\/activate-2-300x184.webp 300w\" sizes=\"auto, (max-width: 333px) 100vw, 333px\" \/>                                        <\/div>\n                                                                        <div class=\"openCard\">\n                                        <img decoding=\"async\" alt=\"icon\" src=\"https:\/\/ga-p.com\/wp-content\/themes\/ga-p\/assets\/images\/arrow-card-coral.webp\" \/>\n                                        <img decoding=\"async\" alt=\"icon\" src=\"https:\/\/ga-p.com\/wp-content\/themes\/ga-p\/assets\/images\/arrow-card-coral.webp\" \/>\n                                    <\/div>\n                                <\/div>\n                            <\/a>\n                        <\/div>\n                                            <div class=\"tarjeta\">\n                            <a  href=\"https:\/\/ga-p.com\/en\/people\/\" >\n                                <div class=\"blockTarjeta\">\n                                    <div class=\"titulo\"><p>People<\/p>\n<\/div>\n                                                                            <div class=\"imagen\">\n                                            <img decoding=\"async\" width=\"332\" height=\"204\" src=\"https:\/\/ga-p.com\/wp-content\/uploads\/2025\/05\/activate-3.webp\" class=\"\" alt=\"\" loading=\"lazy\" srcset=\"https:\/\/ga-p.com\/wp-content\/uploads\/2025\/05\/activate-3.webp 332w, https:\/\/ga-p.com\/wp-content\/uploads\/2025\/05\/activate-3-300x184.webp 300w\" sizes=\"auto, (max-width: 332px) 100vw, 332px\" \/>                                        <\/div>\n                                                                        <div class=\"openCard\">\n                                        <img decoding=\"async\" alt=\"icon\" src=\"https:\/\/ga-p.com\/wp-content\/themes\/ga-p\/assets\/images\/arrow-card-coral.webp\" \/>\n                                        <img decoding=\"async\" alt=\"icon\" src=\"https:\/\/ga-p.com\/wp-content\/themes\/ga-p\/assets\/images\/arrow-card-coral.webp\" \/>\n                                    <\/div>\n                                <\/div>\n                            <\/a>\n                        <\/div>\n                                            <div class=\"tarjeta\">\n                            <a  href=\"https:\/\/ga-p.com\/en\/sustainability\/\" >\n                                <div class=\"blockTarjeta\">\n                                    <div class=\"titulo\"><p>Sustainability<\/p>\n<\/div>\n                                                                            <div class=\"imagen\">\n                                            <img decoding=\"async\" width=\"332\" height=\"204\" src=\"https:\/\/ga-p.com\/wp-content\/uploads\/2025\/05\/activate-4.webp\" class=\"\" alt=\"\" loading=\"lazy\" srcset=\"https:\/\/ga-p.com\/wp-content\/uploads\/2025\/05\/activate-4.webp 332w, https:\/\/ga-p.com\/wp-content\/uploads\/2025\/05\/activate-4-300x184.webp 300w\" sizes=\"auto, (max-width: 332px) 100vw, 332px\" \/>                                        <\/div>\n                                                                        <div class=\"openCard\">\n                                        <img decoding=\"async\" alt=\"icon\" src=\"https:\/\/ga-p.com\/wp-content\/themes\/ga-p\/assets\/images\/arrow-card-coral.webp\" \/>\n                                        <img decoding=\"async\" alt=\"icon\" src=\"https:\/\/ga-p.com\/wp-content\/themes\/ga-p\/assets\/images\/arrow-card-coral.webp\" \/>\n                                    <\/div>\n                                <\/div>\n                            <\/a>\n                        <\/div>\n                                            <div class=\"tarjeta\">\n                            <a  href=\"https:\/\/ga-p.com\/en\/talent\/\" >\n                                <div class=\"blockTarjeta\">\n                                    <div class=\"titulo\"><p>Talent<\/p>\n<\/div>\n                                                                            <div class=\"imagen\">\n                                            <img decoding=\"async\" width=\"333\" height=\"204\" src=\"https:\/\/ga-p.com\/wp-content\/uploads\/2025\/05\/activate-5.webp\" class=\"\" alt=\"\" loading=\"lazy\" srcset=\"https:\/\/ga-p.com\/wp-content\/uploads\/2025\/05\/activate-5.webp 333w, https:\/\/ga-p.com\/wp-content\/uploads\/2025\/05\/activate-5-300x184.webp 300w\" sizes=\"auto, (max-width: 333px) 100vw, 333px\" \/>                                        <\/div>\n                                                                        <div class=\"openCard\">\n                                        <img decoding=\"async\" alt=\"icon\" src=\"https:\/\/ga-p.com\/wp-content\/themes\/ga-p\/assets\/images\/arrow-card-coral.webp\" \/>\n                                        <img decoding=\"async\" alt=\"icon\" src=\"https:\/\/ga-p.com\/wp-content\/themes\/ga-p\/assets\/images\/arrow-card-coral.webp\" \/>\n                                    <\/div>\n                                <\/div>\n                            <\/a>\n                        <\/div>\n                                            <div class=\"tarjeta\">\n                            <a  href=\"https:\/\/ga-p.com\/en\/contact\/\" >\n                                <div class=\"blockTarjeta\">\n                                    <div class=\"titulo\"><p>Contact<\/p>\n<\/div>\n                                                                            <div class=\"imagen\">\n                                            <img decoding=\"async\" width=\"332\" height=\"204\" src=\"https:\/\/ga-p.com\/wp-content\/uploads\/2025\/05\/activate-6.webp\" class=\"\" alt=\"\" loading=\"lazy\" srcset=\"https:\/\/ga-p.com\/wp-content\/uploads\/2025\/05\/activate-6.webp 332w, https:\/\/ga-p.com\/wp-content\/uploads\/2025\/05\/activate-6-300x184.webp 300w\" sizes=\"auto, (max-width: 332px) 100vw, 332px\" \/>                                        <\/div>\n                                                                        <div class=\"openCard\">\n                                        <img decoding=\"async\" alt=\"icon\" src=\"https:\/\/ga-p.com\/wp-content\/themes\/ga-p\/assets\/images\/arrow-card-coral.webp\" \/>\n                                        <img decoding=\"async\" alt=\"icon\" src=\"https:\/\/ga-p.com\/wp-content\/themes\/ga-p\/assets\/images\/arrow-card-coral.webp\" \/>\n                                    <\/div>\n                                <\/div>\n                            <\/a>\n                        <\/div>\n                                    <\/div>\n                    <\/div>\n    <\/div>\n<\/div>\n","protected":false},"excerpt":{"rendered":"","protected":false},"author":3,"featured_media":0,"parent":0,"menu_order":0,"comment_status":"closed","ping_status":"closed","template":"","meta":{"_acf_changed":false,"footnotes":""},"class_list":["post-349551","page","type-page","status-publish","hentry"],"acf":[],"yoast_head":"<!-- This site is optimized with the Yoast SEO plugin v27.3 - https:\/\/yoast.com\/product\/yoast-seo-wordpress\/ -->\n<title>Activate - Despacho de abogados G\u00f3mez-Acebo y Pombo<\/title>\n<meta name=\"robots\" content=\"index, follow, max-snippet:-1, max-image-preview:large, max-video-preview:-1\" \/>\n<link rel=\"canonical\" href=\"https:\/\/ga-p.com\/en\/activate\/\" \/>\n<meta property=\"og:locale\" content=\"en_US\" \/>\n<meta property=\"og:type\" content=\"article\" \/>\n<meta property=\"og:title\" content=\"Activate - Despacho de abogados G\u00f3mez-Acebo y Pombo\" \/>\n<meta property=\"og:url\" content=\"https:\/\/ga-p.com\/en\/activate\/\" \/>\n<meta property=\"og:site_name\" content=\"Despacho de abogados G\u00f3mez-Acebo y Pombo\" \/>\n<meta property=\"article:modified_time\" content=\"2025-05-16T07:16:48+00:00\" \/>\n<meta name=\"twitter:card\" content=\"summary_large_image\" \/>\n<script type=\"application\/ld+json\" class=\"yoast-schema-graph\">{\"@context\":\"https:\\\/\\\/schema.org\",\"@graph\":[{\"@type\":\"WebPage\",\"@id\":\"https:\\\/\\\/ga-p.com\\\/en\\\/activate\\\/\",\"url\":\"https:\\\/\\\/ga-p.com\\\/en\\\/activate\\\/\",\"name\":\"Activate - Despacho de abogados G\u00f3mez-Acebo y Pombo\",\"isPartOf\":{\"@id\":\"https:\\\/\\\/ga-p.com\\\/en\\\/#website\"},\"datePublished\":\"2025-05-16T07:11:37+00:00\",\"dateModified\":\"2025-05-16T07:16:48+00:00\",\"breadcrumb\":{\"@id\":\"https:\\\/\\\/ga-p.com\\\/en\\\/activate\\\/#breadcrumb\"},\"inLanguage\":\"en-US\",\"potentialAction\":[{\"@type\":\"ReadAction\",\"target\":[\"https:\\\/\\\/ga-p.com\\\/en\\\/activate\\\/\"]}]},{\"@type\":\"BreadcrumbList\",\"@id\":\"https:\\\/\\\/ga-p.com\\\/en\\\/activate\\\/#breadcrumb\",\"itemListElement\":[{\"@type\":\"ListItem\",\"position\":1,\"name\":\"Portada\",\"item\":\"https:\\\/\\\/ga-p.com\\\/en\\\/\"},{\"@type\":\"ListItem\",\"position\":2,\"name\":\"Activate\"}]},{\"@type\":\"WebSite\",\"@id\":\"https:\\\/\\\/ga-p.com\\\/en\\\/#website\",\"url\":\"https:\\\/\\\/ga-p.com\\\/en\\\/\",\"name\":\"Despacho de abogados G\u00f3mez-Acebo & Pombo\",\"description\":\"G\u00f3mez-Acebo y Pombo es una firma de abogados independiente, con experiencia internacional, especializada en todas las \u00e1reas del derecho de los negocio.\",\"publisher\":{\"@id\":\"https:\\\/\\\/ga-p.com\\\/en\\\/#organization\"},\"potentialAction\":[{\"@type\":\"SearchAction\",\"target\":{\"@type\":\"EntryPoint\",\"urlTemplate\":\"https:\\\/\\\/ga-p.com\\\/en\\\/?s={search_term_string}\"},\"query-input\":{\"@type\":\"PropertyValueSpecification\",\"valueRequired\":true,\"valueName\":\"search_term_string\"}}],\"inLanguage\":\"en-US\"},{\"@type\":\"Organization\",\"@id\":\"https:\\\/\\\/ga-p.com\\\/en\\\/#organization\",\"name\":\"Despacho de abogados G\u00f3mez-Acebo & Pombo\",\"url\":\"https:\\\/\\\/ga-p.com\\\/en\\\/\",\"logo\":{\"@type\":\"ImageObject\",\"inLanguage\":\"en-US\",\"@id\":\"https:\\\/\\\/ga-p.com\\\/en\\\/#\\\/schema\\\/logo\\\/image\\\/\",\"url\":\"https:\\\/\\\/ga-p.com\\\/wp-content\\\/uploads\\\/2024\\\/09\\\/Logo-1-1.svg\",\"contentUrl\":\"https:\\\/\\\/ga-p.com\\\/wp-content\\\/uploads\\\/2024\\\/09\\\/Logo-1-1.svg\",\"caption\":\"Despacho de abogados G\u00f3mez-Acebo & Pombo\"},\"image\":{\"@id\":\"https:\\\/\\\/ga-p.com\\\/en\\\/#\\\/schema\\\/logo\\\/image\\\/\"}}]}<\/script>\n<!-- \/ Yoast SEO plugin. -->","yoast_head_json":{"title":"Activate - Despacho de abogados G\u00f3mez-Acebo y Pombo","robots":{"index":"index","follow":"follow","max-snippet":"max-snippet:-1","max-image-preview":"max-image-preview:large","max-video-preview":"max-video-preview:-1"},"canonical":"https:\/\/ga-p.com\/en\/activate\/","og_locale":"en_US","og_type":"article","og_title":"Activate - Despacho de abogados G\u00f3mez-Acebo y Pombo","og_url":"https:\/\/ga-p.com\/en\/activate\/","og_site_name":"Despacho de abogados G\u00f3mez-Acebo y Pombo","article_modified_time":"2025-05-16T07:16:48+00:00","twitter_card":"summary_large_image","schema":{"@context":"https:\/\/schema.org","@graph":[{"@type":"WebPage","@id":"https:\/\/ga-p.com\/en\/activate\/","url":"https:\/\/ga-p.com\/en\/activate\/","name":"Activate - Despacho de abogados G\u00f3mez-Acebo y Pombo","isPartOf":{"@id":"https:\/\/ga-p.com\/en\/#website"},"datePublished":"2025-05-16T07:11:37+00:00","dateModified":"2025-05-16T07:16:48+00:00","breadcrumb":{"@id":"https:\/\/ga-p.com\/en\/activate\/#breadcrumb"},"inLanguage":"en-US","potentialAction":[{"@type":"ReadAction","target":["https:\/\/ga-p.com\/en\/activate\/"]}]},{"@type":"BreadcrumbList","@id":"https:\/\/ga-p.com\/en\/activate\/#breadcrumb","itemListElement":[{"@type":"ListItem","position":1,"name":"Portada","item":"https:\/\/ga-p.com\/en\/"},{"@type":"ListItem","position":2,"name":"Activate"}]},{"@type":"WebSite","@id":"https:\/\/ga-p.com\/en\/#website","url":"https:\/\/ga-p.com\/en\/","name":"Despacho de abogados G\u00f3mez-Acebo & Pombo","description":"G\u00f3mez-Acebo y Pombo es una firma de abogados independiente, con experiencia internacional, especializada en todas las \u00e1reas del derecho de los negocio.","publisher":{"@id":"https:\/\/ga-p.com\/en\/#organization"},"potentialAction":[{"@type":"SearchAction","target":{"@type":"EntryPoint","urlTemplate":"https:\/\/ga-p.com\/en\/?s={search_term_string}"},"query-input":{"@type":"PropertyValueSpecification","valueRequired":true,"valueName":"search_term_string"}}],"inLanguage":"en-US"},{"@type":"Organization","@id":"https:\/\/ga-p.com\/en\/#organization","name":"Despacho de abogados G\u00f3mez-Acebo & Pombo","url":"https:\/\/ga-p.com\/en\/","logo":{"@type":"ImageObject","inLanguage":"en-US","@id":"https:\/\/ga-p.com\/en\/#\/schema\/logo\/image\/","url":"https:\/\/ga-p.com\/wp-content\/uploads\/2024\/09\/Logo-1-1.svg","contentUrl":"https:\/\/ga-p.com\/wp-content\/uploads\/2024\/09\/Logo-1-1.svg","caption":"Despacho de abogados G\u00f3mez-Acebo & Pombo"},"image":{"@id":"https:\/\/ga-p.com\/en\/#\/schema\/logo\/image\/"}}]}},"_links":{"self":[{"href":"https:\/\/ga-p.com\/en\/wp-json\/wp\/v2\/pages\/349551","targetHints":{"allow":["GET"]}}],"collection":[{"href":"https:\/\/ga-p.com\/en\/wp-json\/wp\/v2\/pages"}],"about":[{"href":"https:\/\/ga-p.com\/en\/wp-json\/wp\/v2\/types\/page"}],"author":[{"embeddable":true,"href":"https:\/\/ga-p.com\/en\/wp-json\/wp\/v2\/users\/3"}],"replies":[{"embeddable":true,"href":"https:\/\/ga-p.com\/en\/wp-json\/wp\/v2\/comments?post=349551"}],"version-history":[{"count":0,"href":"https:\/\/ga-p.com\/en\/wp-json\/wp\/v2\/pages\/349551\/revisions"}],"wp:attachment":[{"href":"https:\/\/ga-p.com\/en\/wp-json\/wp\/v2\/media?parent=349551"}],"curies":[{"name":"wp","href":"https:\/\/api.w.org\/{rel}","templated":true}]}}