{"id":2814,"date":"2024-05-21T07:38:03","date_gmt":"2024-05-21T05:38:03","guid":{"rendered":"https:\/\/ga-p.com\/buscador\/"},"modified":"2024-08-02T12:09:08","modified_gmt":"2024-08-02T10:09:08","slug":"motor-de-busca","status":"publish","type":"page","link":"https:\/\/ga-p.com\/pt-pt\/motor-de-busca\/","title":{"rendered":"Motor de busca"},"content":{"rendered":"\n\n<div id=\"Volver-block_8277446c268fb4a4643592ebe48b6d0f\" class=\"d-none d-lg-block Volver\" style=\"background-color: #FFFFFF\">\n    <div class=\"container\">\n        <div class=\"row\">\n            <div class=\"col-12\">\n                <div class=\"backTo d-flex align-items-center gap-2\" onclick=\"window.location.href='https:\/\/ga-p.com\/pt-pt\/';\">\n                    <img decoding=\"async\" alt=\"icon\" src=\"https:\/\/ga-p.com\/wp-content\/themes\/ga-p\/assets\/images\/left-arrow-orange.svg\" \/>\n                    <div class=\"text\">Regressar a <strong>Home<\/strong><\/div>\n                <\/div>\n            <\/div>\n        <\/div>\n    <\/div>\n<\/div>\n\n\n<div id=\"Buscador-block_fd37f3502919a87854f9dce3aebb0166\" class=\"Buscador\">\n    <div class=\"container\">\n        <div class=row\">\n            <div class=\"col-12\" style=\"overflow: hidden;\">\n                <div class=\"resultados\">\n                    <div class=\"resultsCount\"><b>0 resultados<\/b> motor de busca em<\/div>\n                    <div class=\"keyWord\"><\/div>\n                <\/div>\n            <\/div>\n        <\/div>\n    <\/div>\n    <div class=\"blockSearch\">\n        <div class=\"container\">\n            <div class=\"filtros\">\n                <div class=\"row\">\n                    <div class=\"col-12 col-lg-9 searchInput\">\n                        <div class=\"h-100 searchTextContainer position-relative\">\n                            <input class=\"searchText\" type=\"text\" value=\"\" placeholder=\"Efetuar uma pesquisa...\">\n                            <input class=\"pagina_donde_estan_los_eventos\" type=\"hidden\" value=\"https:\/\/ga-p.com\/pt-pt\/atualidade\/\">\n                            <input class=\"ignorar_posts\" type=\"hidden\" value=\"[68498,2814]\">\n                            <img decoding=\"async\" class=\"clearInput\" src=\"https:\/\/ga-p.com\/wp-content\/themes\/ga-p\/assets\/images\/clear-input.svg\" \/>\n                        <\/div>\n                    <\/div>\n                    <div class=\"col-12 col-lg-3 border-start contentType order-2 order-lg-1\">\n                        <div id=\"tipo\"><\/div>\n                    <\/div>\n                    <button class=\"submitSearch\" type=\"submit\">Pesquisar<\/button>\n                <\/div>\n            <\/div>\n        <\/div>\n        <div class=\"elementosBusqueda\">\n            <div class=\"container\">\n                <div class=\"row\">\n                    <div class=\"col-12\">\n                        <div class=\"contenido postsBlock\">\n                                                            <h3>N\u00e3o encontr\u00e1mos quaisquer resultados com estes par\u00e2metros de pesquisa.<\/h3>\n                                                    <\/div>\n                    <\/div>\n                <\/div>\n            <\/div>\n        <\/div>\n        <div class=\"inferior pt-4 pt-l-0\"  style=\"display:none\" >\n            <div class=\"container\">\n                <div class=\"row align-items-center\">\n                    <div class=\"col-12 col-lg-6 d-none d-lg-block\">\n                        <div class=\"numero_por_pagina d-lg-flex d-none\">\n                            Resultados por p\u00e1gina                            <div class=\"number active\" data-pagina=\"12\">12<\/div>\n                            <div class=\"number\" data-pagina=\"24\">24<\/div>\n                            <div class=\"number\" data-pagina=\"36\">36<\/div>\n                        <\/div>\n                    <\/div>\n                    <div class=\"col-12 col-lg-6 d-flex justify-content-center justify-content-lg-end\">\n                        <div class=\"paginacion\">\n                                                    <\/div>\n                    <\/div>\n                <\/div>\n            <\/div>\n        <\/div>\n    <\/div>\n<\/div>\n\n<script>\n    const busqueda_texto = \"Tipo de conte\u00fado\"\n    const opcion_seleccionada_texto = \"Op\u00e7\u00e3o selecionada\"\n    const opciones_seleccionadas_texto = \"Op\u00e7\u00f5es seleccionadas\"\n    const seleccionar_todo = \"Selecionar tudo\"\n\n    const busqueda_options = [{\n            label: '\u00c1reas',\n            value: 'area'\n        },\n        {\n            label: 'Setores',\n            value: 'sector'\n        },\n        {\n            label: 'Reconhecimentos',\n            value: 'reconocimiento'\n        },\n        {\n            label: 'Escrit\u00f3rios',\n            value: 'oficina'\n        },\n        {\n            label: 'Pessoas',\n            value: 'persona'\n        },\n        {\n            label: 'Eventos',\n            value: 'evento'\n        },\n        {\n            label: 'Not\u00edcias',\n            value: 'noticia'\n        },\n        {\n            label: 'Publica\u00e7\u00f5es',\n            value: 'publicacion'\n        },\n        {\n            label: 'Rel\u00e1torios',\n            value: 'informe'\n        },\n        {\n            label: 'SEC\u00c7\u00d5ES',\n            value: 'page'\n        },\n    ]\n<\/script>","protected":false},"excerpt":{"rendered":"","protected":false},"author":3,"featured_media":0,"parent":0,"menu_order":0,"comment_status":"closed","ping_status":"closed","template":"","meta":{"_acf_changed":false,"footnotes":""},"class_list":["post-2814","page","type-page","status-publish","hentry"],"acf":[],"yoast_head":"<!-- This site is optimized with the Yoast SEO plugin v27.3 - https:\/\/yoast.com\/product\/yoast-seo-wordpress\/ -->\n<title>Motor de busca - Despacho de abogados G\u00f3mez-Acebo &amp; Pombo<\/title>\n<meta name=\"description\" content=\"Encontre tudo o que precisa na G\u00f3mez-Acebo &amp; Pombo, uma sociedade de advogados internacional especializada.\" \/>\n<meta name=\"robots\" content=\"index, follow, max-snippet:-1, max-image-preview:large, max-video-preview:-1\" \/>\n<link rel=\"canonical\" href=\"https:\/\/ga-p.com\/pt-pt\/motor-de-busca\/\" \/>\n<meta property=\"og:locale\" content=\"pt_PT\" \/>\n<meta property=\"og:type\" content=\"article\" \/>\n<meta property=\"og:title\" content=\"Motor de busca - Despacho de abogados G\u00f3mez-Acebo &amp; Pombo\" \/>\n<meta property=\"og:description\" content=\"Encontre tudo o que precisa na G\u00f3mez-Acebo &amp; Pombo, uma sociedade de advogados internacional especializada.\" \/>\n<meta property=\"og:url\" content=\"https:\/\/ga-p.com\/pt-pt\/motor-de-busca\/\" \/>\n<meta property=\"og:site_name\" content=\"Despacho de abogados G\u00f3mez-Acebo &amp; Pombo\" \/>\n<meta property=\"article:modified_time\" content=\"2024-08-02T10:09:08+00:00\" \/>\n<meta name=\"twitter:card\" content=\"summary_large_image\" \/>\n<script type=\"application\/ld+json\" class=\"yoast-schema-graph\">{\"@context\":\"https:\\\/\\\/schema.org\",\"@graph\":[{\"@type\":\"WebPage\",\"@id\":\"https:\\\/\\\/ga-p.com\\\/pt-pt\\\/motor-de-busca\\\/\",\"url\":\"https:\\\/\\\/ga-p.com\\\/pt-pt\\\/motor-de-busca\\\/\",\"name\":\"Motor de busca - Despacho de abogados G\u00f3mez-Acebo &amp; Pombo\",\"isPartOf\":{\"@id\":\"https:\\\/\\\/ga-p.com\\\/pt-pt\\\/#website\"},\"datePublished\":\"2024-05-21T05:38:03+00:00\",\"dateModified\":\"2024-08-02T10:09:08+00:00\",\"description\":\"Encontre tudo o que precisa na G\u00f3mez-Acebo & Pombo, uma sociedade de advogados internacional especializada.\",\"breadcrumb\":{\"@id\":\"https:\\\/\\\/ga-p.com\\\/pt-pt\\\/motor-de-busca\\\/#breadcrumb\"},\"inLanguage\":\"pt-PT\",\"potentialAction\":[{\"@type\":\"ReadAction\",\"target\":[\"https:\\\/\\\/ga-p.com\\\/pt-pt\\\/motor-de-busca\\\/\"]}]},{\"@type\":\"BreadcrumbList\",\"@id\":\"https:\\\/\\\/ga-p.com\\\/pt-pt\\\/motor-de-busca\\\/#breadcrumb\",\"itemListElement\":[{\"@type\":\"ListItem\",\"position\":1,\"name\":\"Portada\",\"item\":\"https:\\\/\\\/ga-p.com\\\/pt-pt\\\/\"},{\"@type\":\"ListItem\",\"position\":2,\"name\":\"Motor de busca\"}]},{\"@type\":\"WebSite\",\"@id\":\"https:\\\/\\\/ga-p.com\\\/pt-pt\\\/#website\",\"url\":\"https:\\\/\\\/ga-p.com\\\/pt-pt\\\/\",\"name\":\"Despacho de abogados G\u00f3mez-Acebo & Pombo\",\"description\":\"G\u00f3mez-Acebo &amp; Pombo es una firma de abogados independiente, con experiencia internacional, especializada en todas las \u00e1reas del derecho de los negocio.\",\"publisher\":{\"@id\":\"https:\\\/\\\/ga-p.com\\\/pt-pt\\\/#organization\"},\"potentialAction\":[{\"@type\":\"SearchAction\",\"target\":{\"@type\":\"EntryPoint\",\"urlTemplate\":\"https:\\\/\\\/ga-p.com\\\/pt-pt\\\/?s={search_term_string}\"},\"query-input\":{\"@type\":\"PropertyValueSpecification\",\"valueRequired\":true,\"valueName\":\"search_term_string\"}}],\"inLanguage\":\"pt-PT\"},{\"@type\":\"Organization\",\"@id\":\"https:\\\/\\\/ga-p.com\\\/pt-pt\\\/#organization\",\"name\":\"Despacho de abogados G\u00f3mez-Acebo & Pombo\",\"url\":\"https:\\\/\\\/ga-p.com\\\/pt-pt\\\/\",\"logo\":{\"@type\":\"ImageObject\",\"inLanguage\":\"pt-PT\",\"@id\":\"https:\\\/\\\/ga-p.com\\\/pt-pt\\\/#\\\/schema\\\/logo\\\/image\\\/\",\"url\":\"https:\\\/\\\/ga-p.com\\\/wp-content\\\/uploads\\\/2024\\\/09\\\/Logo-1-1.svg\",\"contentUrl\":\"https:\\\/\\\/ga-p.com\\\/wp-content\\\/uploads\\\/2024\\\/09\\\/Logo-1-1.svg\",\"caption\":\"Despacho de abogados G\u00f3mez-Acebo & Pombo\"},\"image\":{\"@id\":\"https:\\\/\\\/ga-p.com\\\/pt-pt\\\/#\\\/schema\\\/logo\\\/image\\\/\"}}]}<\/script>\n<!-- \/ Yoast SEO plugin. -->","yoast_head_json":{"title":"Motor de busca - Despacho de abogados G\u00f3mez-Acebo &amp; Pombo","description":"Encontre tudo o que precisa na G\u00f3mez-Acebo & Pombo, uma sociedade de advogados internacional especializada.","robots":{"index":"index","follow":"follow","max-snippet":"max-snippet:-1","max-image-preview":"max-image-preview:large","max-video-preview":"max-video-preview:-1"},"canonical":"https:\/\/ga-p.com\/pt-pt\/motor-de-busca\/","og_locale":"pt_PT","og_type":"article","og_title":"Motor de busca - Despacho de abogados G\u00f3mez-Acebo &amp; Pombo","og_description":"Encontre tudo o que precisa na G\u00f3mez-Acebo & Pombo, uma sociedade de advogados internacional especializada.","og_url":"https:\/\/ga-p.com\/pt-pt\/motor-de-busca\/","og_site_name":"Despacho de abogados G\u00f3mez-Acebo &amp; Pombo","article_modified_time":"2024-08-02T10:09:08+00:00","twitter_card":"summary_large_image","schema":{"@context":"https:\/\/schema.org","@graph":[{"@type":"WebPage","@id":"https:\/\/ga-p.com\/pt-pt\/motor-de-busca\/","url":"https:\/\/ga-p.com\/pt-pt\/motor-de-busca\/","name":"Motor de busca - Despacho de abogados G\u00f3mez-Acebo &amp; Pombo","isPartOf":{"@id":"https:\/\/ga-p.com\/pt-pt\/#website"},"datePublished":"2024-05-21T05:38:03+00:00","dateModified":"2024-08-02T10:09:08+00:00","description":"Encontre tudo o que precisa na G\u00f3mez-Acebo & Pombo, uma sociedade de advogados internacional especializada.","breadcrumb":{"@id":"https:\/\/ga-p.com\/pt-pt\/motor-de-busca\/#breadcrumb"},"inLanguage":"pt-PT","potentialAction":[{"@type":"ReadAction","target":["https:\/\/ga-p.com\/pt-pt\/motor-de-busca\/"]}]},{"@type":"BreadcrumbList","@id":"https:\/\/ga-p.com\/pt-pt\/motor-de-busca\/#breadcrumb","itemListElement":[{"@type":"ListItem","position":1,"name":"Portada","item":"https:\/\/ga-p.com\/pt-pt\/"},{"@type":"ListItem","position":2,"name":"Motor de busca"}]},{"@type":"WebSite","@id":"https:\/\/ga-p.com\/pt-pt\/#website","url":"https:\/\/ga-p.com\/pt-pt\/","name":"Despacho de abogados G\u00f3mez-Acebo & Pombo","description":"G\u00f3mez-Acebo &amp; Pombo es una firma de abogados independiente, con experiencia internacional, especializada en todas las \u00e1reas del derecho de los negocio.","publisher":{"@id":"https:\/\/ga-p.com\/pt-pt\/#organization"},"potentialAction":[{"@type":"SearchAction","target":{"@type":"EntryPoint","urlTemplate":"https:\/\/ga-p.com\/pt-pt\/?s={search_term_string}"},"query-input":{"@type":"PropertyValueSpecification","valueRequired":true,"valueName":"search_term_string"}}],"inLanguage":"pt-PT"},{"@type":"Organization","@id":"https:\/\/ga-p.com\/pt-pt\/#organization","name":"Despacho de abogados G\u00f3mez-Acebo & Pombo","url":"https:\/\/ga-p.com\/pt-pt\/","logo":{"@type":"ImageObject","inLanguage":"pt-PT","@id":"https:\/\/ga-p.com\/pt-pt\/#\/schema\/logo\/image\/","url":"https:\/\/ga-p.com\/wp-content\/uploads\/2024\/09\/Logo-1-1.svg","contentUrl":"https:\/\/ga-p.com\/wp-content\/uploads\/2024\/09\/Logo-1-1.svg","caption":"Despacho de abogados G\u00f3mez-Acebo & Pombo"},"image":{"@id":"https:\/\/ga-p.com\/pt-pt\/#\/schema\/logo\/image\/"}}]}},"_links":{"self":[{"href":"https:\/\/ga-p.com\/pt-pt\/wp-json\/wp\/v2\/pages\/2814","targetHints":{"allow":["GET"]}}],"collection":[{"href":"https:\/\/ga-p.com\/pt-pt\/wp-json\/wp\/v2\/pages"}],"about":[{"href":"https:\/\/ga-p.com\/pt-pt\/wp-json\/wp\/v2\/types\/page"}],"author":[{"embeddable":true,"href":"https:\/\/ga-p.com\/pt-pt\/wp-json\/wp\/v2\/users\/3"}],"replies":[{"embeddable":true,"href":"https:\/\/ga-p.com\/pt-pt\/wp-json\/wp\/v2\/comments?post=2814"}],"version-history":[{"count":0,"href":"https:\/\/ga-p.com\/pt-pt\/wp-json\/wp\/v2\/pages\/2814\/revisions"}],"wp:attachment":[{"href":"https:\/\/ga-p.com\/pt-pt\/wp-json\/wp\/v2\/media?parent=2814"}],"curies":[{"name":"wp","href":"https:\/\/api.w.org\/{rel}","templated":true}]}}