{"id":293114,"date":"2024-07-12T13:20:47","date_gmt":"2024-07-12T11:20:47","guid":{"rendered":"https:\/\/ga-p.com\/politica-de-seguridad-iso-iec-27001\/"},"modified":"2025-04-22T11:57:59","modified_gmt":"2025-04-22T09:57:59","slug":"politica-de-seguridad-iso-iec-27001","status":"publish","type":"page","link":"https:\/\/ga-p.com\/pt-pt\/politica-de-seguridad-iso-iec-27001\/","title":{"rendered":"Pol\u00edtica de seguran\u00e7a: ISO\/IEC 27001"},"content":{"rendered":"\n<p>Para garantizar el cumplimiento de los exigentes requisitos de seguridad del sector y de nuestros clientes, en G\u00f3mez-Acebo &amp; Pombo gestionamos la seguridad de la informaci\u00f3n conforme a la norma UNE-EN ISO\/IEC 27001, est\u00e1ndar internacional de referencia para la seguridad de la informaci\u00f3n. De este modo, los servicios jur\u00eddicos y de consultor\u00eda que ofrecemos a nuestros clientes comportan las m\u00e1ximas garant\u00edas de seguridad, integridad, confidencialidad y privacidad.<\/p>\n\n\n\n<p>Por ello, G\u00f3mez-Acebo &amp; Pombo, dentro del compromiso que adquiere por medio de su pol\u00edtica de seguridad de la informaci\u00f3n, define su marco regulatorio en este sentido, que se plasma en un documento accesible y comprensible para todos los miembros en el que se define lo que significa \u2018seguridad de la informaci\u00f3n\u2019 en la organizaci\u00f3n y que determina la forma en que \u00e9sta gestiona y protege la informaci\u00f3n y los servicios que considera cr\u00edticos para el desempe\u00f1o de su actividad.<\/p>\n\n\n\n<p>La pol\u00edtica de seguridad de la informaci\u00f3n de G\u00f3mez-Acebo &amp; Pombo se rige por las siguientes normas:<\/p>\n\n\n\n<ul class=\"wp-block-list\">\n<li><strong>Confidencialidad, integridad y disponibilidad<\/strong>. La informaci\u00f3n que posee y trata G\u00f3mez Acebo &amp; Pombo tiene un valor muy importante para la propia compa\u00f1\u00eda, as\u00ed como para personas, entidades privadas y organismos p\u00fablicos, por lo que es primordial protegerla. La informaci\u00f3n debe ser protegida contra accesos y alteraciones no autorizados y ha de mantenerse con la confidencialidad e integridad debidas. Asimismo, debe estar siempre disponible, permiti\u00e9ndose su acceso autorizado cuando sea necesario.<\/li>\n<\/ul>\n\n\n\n<ul class=\"wp-block-list\">\n<li><strong>Cumplimiento normativo<\/strong>. Todos los activos (infraestructura, soportes, sistemas, comunicaciones, etc.) en los que resida, se procese o por los que viaje informaci\u00f3n deben estar protegidos adecuadamente seg\u00fan los preceptos marcados por la normativa aplicable.<\/li>\n<\/ul>\n\n\n\n<ul class=\"wp-block-list\">\n<li><strong>Gesti\u00f3n del riesgo<\/strong>. G\u00f3mez-Acebo &amp; Pombo asume el compromiso tanto de controlar los riesgos de seguridad como de dar cumplimiento a la legislaci\u00f3n y normas internas vigentes en un proceso de mejora continua conforme a los marcos y metodolog\u00edas m\u00e1s recientes de an\u00e1lisis y gesti\u00f3n de riesgos. Las medidas de seguridad que se implanten deben estar en proporci\u00f3n con la criticidad de la informaci\u00f3n que protejan y con los da\u00f1os o p\u00e9rdidas que se puedan producir en ella.<\/li>\n<\/ul>\n\n\n\n<ul class=\"wp-block-list\">\n<li><strong>Responsabilidad<\/strong>. La seguridad de la informaci\u00f3n es responsabilidad de todos los miembros de G\u00f3mez-Acebo &amp; Pombo. Todas las personas que tienen acceso a la informaci\u00f3n de G\u00f3mez Acebo &amp; Pombo deben atender a la necesidad de protegerla, por lo que deben estar adecuadamente formadas y concienciadas.<\/li>\n<\/ul>\n\n\n\n<ul class=\"wp-block-list\">\n<li><strong>Formaci\u00f3n y concienciaci\u00f3n<\/strong>. Es objetivo fundamental lograr la plena conciencia de que la seguridad de la informaci\u00f3n afecta a todo el personal de G\u00f3mez-Acebo &amp; Pombo y a todas las actividades de acuerdo con los principios de seguridad integral recogidos en los est\u00e1ndares internacionales. Para ello se determinar\u00e1 una pol\u00edtica de formaci\u00f3n y concienciaci\u00f3n en el tratamiento seguro de la informaci\u00f3n dentro del marco de la pol\u00edtica de formaci\u00f3n interna de la compa\u00f1\u00eda.<\/li>\n<\/ul>\n\n\n\n<ul class=\"wp-block-list\">\n<li><strong>Mejora continua<\/strong>. La seguridad de la informaci\u00f3n no es algo est\u00e1tico; se debe controlar constantemente y ha de ser revisada de forma peri\u00f3dica.<\/li>\n<\/ul>\n\n\n\n<ul class=\"wp-block-list\">\n<li><strong>Compromiso medioambiental<\/strong>. G\u00f3mez-Acebo &amp; Pombo ratifica su compromiso medioambiental, alineando su contexto operativo en el \u00e1mbito de la seguridad de la informaci\u00f3n para evaluar y abordar los impactos del cambio clim\u00e1tico, adoptando las medidas m\u00e1s adecuadas en consecuencia a ello.<\/li>\n<\/ul>\n\n\n\n<figure class=\"wp-block-image\"><img decoding=\"async\" src=\"https:\/\/www.ga-p.com\/wp-content\/uploads\/2019\/10\/AENOR-300x300.png\" alt=\"Logo de AENOR\" class=\"wp-image-22676\"\/><\/figure>\n\n\n\n<figure class=\"wp-block-image\"><img decoding=\"async\" src=\"https:\/\/www.ga-p.com\/wp-content\/uploads\/2019\/10\/LogoIQNet-300x300.jpg\" alt=\"Logo de certificaci\u00f3n de IQNet\" class=\"wp-image-22670\"\/><\/figure>\n","protected":false},"excerpt":{"rendered":"<p>Para garantizar el cumplimiento de los exigentes requisitos de seguridad del sector y de nuestros clientes, en G\u00f3mez-Acebo &amp; Pombo gestionamos la seguridad de la informaci\u00f3n conforme a la norma UNE-EN ISO\/IEC 27001, est\u00e1ndar internacional de referencia para la seguridad de la informaci\u00f3n. De este modo, los servicios jur\u00eddicos y de consultor\u00eda que ofrecemos a [&hellip;]<\/p>\n","protected":false},"author":24,"featured_media":0,"parent":0,"menu_order":0,"comment_status":"closed","ping_status":"closed","template":"page-templates\/container.php","meta":{"_acf_changed":false,"footnotes":""},"class_list":["post-293114","page","type-page","status-publish","hentry"],"acf":[],"yoast_head":"<!-- This site is optimized with the Yoast SEO plugin v27.3 - https:\/\/yoast.com\/product\/yoast-seo-wordpress\/ -->\n<title>Pol\u00edtica de seguran\u00e7a: ISO\/IEC 27001 - Despacho de abogados G\u00f3mez-Acebo &amp; Pombo<\/title>\n<meta name=\"description\" content=\"G\u00f3mez-Acebo &amp; Pombo garantiza la seguridad de la informaci\u00f3n seg\u00fan la norma ISO\/IEC 27001, asegurando la confidencialidad, integridad y disponibilidad de datos.\" \/>\n<meta name=\"robots\" content=\"index, follow, max-snippet:-1, max-image-preview:large, max-video-preview:-1\" \/>\n<link rel=\"canonical\" href=\"https:\/\/ga-p.com\/pt-pt\/politica-de-seguridad-iso-iec-27001\/\" \/>\n<meta property=\"og:locale\" content=\"pt_PT\" \/>\n<meta property=\"og:type\" content=\"article\" \/>\n<meta property=\"og:title\" content=\"Pol\u00edtica de seguran\u00e7a: ISO\/IEC 27001 - Despacho de abogados G\u00f3mez-Acebo &amp; Pombo\" \/>\n<meta property=\"og:description\" content=\"G\u00f3mez-Acebo &amp; Pombo garantiza la seguridad de la informaci\u00f3n seg\u00fan la norma ISO\/IEC 27001, asegurando la confidencialidad, integridad y disponibilidad de datos.\" \/>\n<meta property=\"og:url\" content=\"https:\/\/ga-p.com\/pt-pt\/politica-de-seguridad-iso-iec-27001\/\" \/>\n<meta property=\"og:site_name\" content=\"Despacho de abogados G\u00f3mez-Acebo &amp; Pombo\" \/>\n<meta property=\"article:modified_time\" content=\"2025-04-22T09:57:59+00:00\" \/>\n<meta name=\"twitter:card\" content=\"summary_large_image\" \/>\n<meta name=\"twitter:label1\" content=\"Tempo estimado de leitura\" \/>\n\t<meta name=\"twitter:data1\" content=\"3 minutos\" \/>\n<script type=\"application\/ld+json\" class=\"yoast-schema-graph\">{\"@context\":\"https:\\\/\\\/schema.org\",\"@graph\":[{\"@type\":\"WebPage\",\"@id\":\"https:\\\/\\\/ga-p.com\\\/pt-pt\\\/politica-de-seguridad-iso-iec-27001\\\/\",\"url\":\"https:\\\/\\\/ga-p.com\\\/pt-pt\\\/politica-de-seguridad-iso-iec-27001\\\/\",\"name\":\"Pol\u00edtica de seguran\u00e7a: ISO\\\/IEC 27001 - Despacho de abogados G\u00f3mez-Acebo &amp; Pombo\",\"isPartOf\":{\"@id\":\"https:\\\/\\\/ga-p.com\\\/pt-pt\\\/#website\"},\"primaryImageOfPage\":{\"@id\":\"https:\\\/\\\/ga-p.com\\\/pt-pt\\\/politica-de-seguridad-iso-iec-27001\\\/#primaryimage\"},\"image\":{\"@id\":\"https:\\\/\\\/ga-p.com\\\/pt-pt\\\/politica-de-seguridad-iso-iec-27001\\\/#primaryimage\"},\"thumbnailUrl\":\"https:\\\/\\\/www.ga-p.com\\\/wp-content\\\/uploads\\\/2019\\\/10\\\/AENOR-300x300.png\",\"datePublished\":\"2024-07-12T11:20:47+00:00\",\"dateModified\":\"2025-04-22T09:57:59+00:00\",\"description\":\"G\u00f3mez-Acebo & Pombo garantiza la seguridad de la informaci\u00f3n seg\u00fan la norma ISO\\\/IEC 27001, asegurando la confidencialidad, integridad y disponibilidad de datos.\",\"breadcrumb\":{\"@id\":\"https:\\\/\\\/ga-p.com\\\/pt-pt\\\/politica-de-seguridad-iso-iec-27001\\\/#breadcrumb\"},\"inLanguage\":\"pt-PT\",\"potentialAction\":[{\"@type\":\"ReadAction\",\"target\":[\"https:\\\/\\\/ga-p.com\\\/pt-pt\\\/politica-de-seguridad-iso-iec-27001\\\/\"]}]},{\"@type\":\"ImageObject\",\"inLanguage\":\"pt-PT\",\"@id\":\"https:\\\/\\\/ga-p.com\\\/pt-pt\\\/politica-de-seguridad-iso-iec-27001\\\/#primaryimage\",\"url\":\"https:\\\/\\\/www.ga-p.com\\\/wp-content\\\/uploads\\\/2019\\\/10\\\/AENOR-300x300.png\",\"contentUrl\":\"https:\\\/\\\/www.ga-p.com\\\/wp-content\\\/uploads\\\/2019\\\/10\\\/AENOR-300x300.png\"},{\"@type\":\"BreadcrumbList\",\"@id\":\"https:\\\/\\\/ga-p.com\\\/pt-pt\\\/politica-de-seguridad-iso-iec-27001\\\/#breadcrumb\",\"itemListElement\":[{\"@type\":\"ListItem\",\"position\":1,\"name\":\"Portada\",\"item\":\"https:\\\/\\\/ga-p.com\\\/pt-pt\\\/\"},{\"@type\":\"ListItem\",\"position\":2,\"name\":\"Pol\u00edtica de seguran\u00e7a: ISO\\\/IEC 27001\"}]},{\"@type\":\"WebSite\",\"@id\":\"https:\\\/\\\/ga-p.com\\\/pt-pt\\\/#website\",\"url\":\"https:\\\/\\\/ga-p.com\\\/pt-pt\\\/\",\"name\":\"Despacho de abogados G\u00f3mez-Acebo & Pombo\",\"description\":\"G\u00f3mez-Acebo &amp; Pombo es una firma de abogados independiente, con experiencia internacional, especializada en todas las \u00e1reas del derecho de los negocio.\",\"publisher\":{\"@id\":\"https:\\\/\\\/ga-p.com\\\/pt-pt\\\/#organization\"},\"potentialAction\":[{\"@type\":\"SearchAction\",\"target\":{\"@type\":\"EntryPoint\",\"urlTemplate\":\"https:\\\/\\\/ga-p.com\\\/pt-pt\\\/?s={search_term_string}\"},\"query-input\":{\"@type\":\"PropertyValueSpecification\",\"valueRequired\":true,\"valueName\":\"search_term_string\"}}],\"inLanguage\":\"pt-PT\"},{\"@type\":\"Organization\",\"@id\":\"https:\\\/\\\/ga-p.com\\\/pt-pt\\\/#organization\",\"name\":\"Despacho de abogados G\u00f3mez-Acebo & Pombo\",\"url\":\"https:\\\/\\\/ga-p.com\\\/pt-pt\\\/\",\"logo\":{\"@type\":\"ImageObject\",\"inLanguage\":\"pt-PT\",\"@id\":\"https:\\\/\\\/ga-p.com\\\/pt-pt\\\/#\\\/schema\\\/logo\\\/image\\\/\",\"url\":\"https:\\\/\\\/ga-p.com\\\/wp-content\\\/uploads\\\/2024\\\/09\\\/Logo-1-1.svg\",\"contentUrl\":\"https:\\\/\\\/ga-p.com\\\/wp-content\\\/uploads\\\/2024\\\/09\\\/Logo-1-1.svg\",\"caption\":\"Despacho de abogados G\u00f3mez-Acebo & Pombo\"},\"image\":{\"@id\":\"https:\\\/\\\/ga-p.com\\\/pt-pt\\\/#\\\/schema\\\/logo\\\/image\\\/\"}}]}<\/script>\n<!-- \/ Yoast SEO plugin. -->","yoast_head_json":{"title":"Pol\u00edtica de seguran\u00e7a: ISO\/IEC 27001 - Despacho de abogados G\u00f3mez-Acebo &amp; Pombo","description":"G\u00f3mez-Acebo & Pombo garantiza la seguridad de la informaci\u00f3n seg\u00fan la norma ISO\/IEC 27001, asegurando la confidencialidad, integridad y disponibilidad de datos.","robots":{"index":"index","follow":"follow","max-snippet":"max-snippet:-1","max-image-preview":"max-image-preview:large","max-video-preview":"max-video-preview:-1"},"canonical":"https:\/\/ga-p.com\/pt-pt\/politica-de-seguridad-iso-iec-27001\/","og_locale":"pt_PT","og_type":"article","og_title":"Pol\u00edtica de seguran\u00e7a: ISO\/IEC 27001 - Despacho de abogados G\u00f3mez-Acebo &amp; Pombo","og_description":"G\u00f3mez-Acebo & Pombo garantiza la seguridad de la informaci\u00f3n seg\u00fan la norma ISO\/IEC 27001, asegurando la confidencialidad, integridad y disponibilidad de datos.","og_url":"https:\/\/ga-p.com\/pt-pt\/politica-de-seguridad-iso-iec-27001\/","og_site_name":"Despacho de abogados G\u00f3mez-Acebo &amp; Pombo","article_modified_time":"2025-04-22T09:57:59+00:00","twitter_card":"summary_large_image","twitter_misc":{"Tempo estimado de leitura":"3 minutos"},"schema":{"@context":"https:\/\/schema.org","@graph":[{"@type":"WebPage","@id":"https:\/\/ga-p.com\/pt-pt\/politica-de-seguridad-iso-iec-27001\/","url":"https:\/\/ga-p.com\/pt-pt\/politica-de-seguridad-iso-iec-27001\/","name":"Pol\u00edtica de seguran\u00e7a: ISO\/IEC 27001 - Despacho de abogados G\u00f3mez-Acebo &amp; Pombo","isPartOf":{"@id":"https:\/\/ga-p.com\/pt-pt\/#website"},"primaryImageOfPage":{"@id":"https:\/\/ga-p.com\/pt-pt\/politica-de-seguridad-iso-iec-27001\/#primaryimage"},"image":{"@id":"https:\/\/ga-p.com\/pt-pt\/politica-de-seguridad-iso-iec-27001\/#primaryimage"},"thumbnailUrl":"https:\/\/www.ga-p.com\/wp-content\/uploads\/2019\/10\/AENOR-300x300.png","datePublished":"2024-07-12T11:20:47+00:00","dateModified":"2025-04-22T09:57:59+00:00","description":"G\u00f3mez-Acebo & Pombo garantiza la seguridad de la informaci\u00f3n seg\u00fan la norma ISO\/IEC 27001, asegurando la confidencialidad, integridad y disponibilidad de datos.","breadcrumb":{"@id":"https:\/\/ga-p.com\/pt-pt\/politica-de-seguridad-iso-iec-27001\/#breadcrumb"},"inLanguage":"pt-PT","potentialAction":[{"@type":"ReadAction","target":["https:\/\/ga-p.com\/pt-pt\/politica-de-seguridad-iso-iec-27001\/"]}]},{"@type":"ImageObject","inLanguage":"pt-PT","@id":"https:\/\/ga-p.com\/pt-pt\/politica-de-seguridad-iso-iec-27001\/#primaryimage","url":"https:\/\/www.ga-p.com\/wp-content\/uploads\/2019\/10\/AENOR-300x300.png","contentUrl":"https:\/\/www.ga-p.com\/wp-content\/uploads\/2019\/10\/AENOR-300x300.png"},{"@type":"BreadcrumbList","@id":"https:\/\/ga-p.com\/pt-pt\/politica-de-seguridad-iso-iec-27001\/#breadcrumb","itemListElement":[{"@type":"ListItem","position":1,"name":"Portada","item":"https:\/\/ga-p.com\/pt-pt\/"},{"@type":"ListItem","position":2,"name":"Pol\u00edtica de seguran\u00e7a: ISO\/IEC 27001"}]},{"@type":"WebSite","@id":"https:\/\/ga-p.com\/pt-pt\/#website","url":"https:\/\/ga-p.com\/pt-pt\/","name":"Despacho de abogados G\u00f3mez-Acebo & Pombo","description":"G\u00f3mez-Acebo &amp; Pombo es una firma de abogados independiente, con experiencia internacional, especializada en todas las \u00e1reas del derecho de los negocio.","publisher":{"@id":"https:\/\/ga-p.com\/pt-pt\/#organization"},"potentialAction":[{"@type":"SearchAction","target":{"@type":"EntryPoint","urlTemplate":"https:\/\/ga-p.com\/pt-pt\/?s={search_term_string}"},"query-input":{"@type":"PropertyValueSpecification","valueRequired":true,"valueName":"search_term_string"}}],"inLanguage":"pt-PT"},{"@type":"Organization","@id":"https:\/\/ga-p.com\/pt-pt\/#organization","name":"Despacho de abogados G\u00f3mez-Acebo & Pombo","url":"https:\/\/ga-p.com\/pt-pt\/","logo":{"@type":"ImageObject","inLanguage":"pt-PT","@id":"https:\/\/ga-p.com\/pt-pt\/#\/schema\/logo\/image\/","url":"https:\/\/ga-p.com\/wp-content\/uploads\/2024\/09\/Logo-1-1.svg","contentUrl":"https:\/\/ga-p.com\/wp-content\/uploads\/2024\/09\/Logo-1-1.svg","caption":"Despacho de abogados G\u00f3mez-Acebo & Pombo"},"image":{"@id":"https:\/\/ga-p.com\/pt-pt\/#\/schema\/logo\/image\/"}}]}},"_links":{"self":[{"href":"https:\/\/ga-p.com\/pt-pt\/wp-json\/wp\/v2\/pages\/293114","targetHints":{"allow":["GET"]}}],"collection":[{"href":"https:\/\/ga-p.com\/pt-pt\/wp-json\/wp\/v2\/pages"}],"about":[{"href":"https:\/\/ga-p.com\/pt-pt\/wp-json\/wp\/v2\/types\/page"}],"author":[{"embeddable":true,"href":"https:\/\/ga-p.com\/pt-pt\/wp-json\/wp\/v2\/users\/24"}],"replies":[{"embeddable":true,"href":"https:\/\/ga-p.com\/pt-pt\/wp-json\/wp\/v2\/comments?post=293114"}],"version-history":[{"count":0,"href":"https:\/\/ga-p.com\/pt-pt\/wp-json\/wp\/v2\/pages\/293114\/revisions"}],"wp:attachment":[{"href":"https:\/\/ga-p.com\/pt-pt\/wp-json\/wp\/v2\/media?parent=293114"}],"curies":[{"name":"wp","href":"https:\/\/api.w.org\/{rel}","templated":true}]}}