{"id":299116,"date":"2024-07-12T13:08:29","date_gmt":"2024-07-12T11:08:29","guid":{"rendered":"https:\/\/ga-p.com\/whistleblowing\/"},"modified":"2024-09-18T11:14:13","modified_gmt":"2024-09-18T09:14:13","slug":"whistleblowing","status":"publish","type":"page","link":"https:\/\/ga-p.com\/pt-pt\/whistleblowing\/","title":{"rendered":"Whistleblowing"},"content":{"rendered":"\n<h2 class=\"wp-block-heading\">1. El canal de comunicaci\u00f3n y denuncia de GA_P<\/h2>\n\n<p><\/p>\n\n<p>La cultura de Compliance implantada por el Despacho lleva a la creaci\u00f3n de este canal de comunicaci\u00f3n y denuncia, en el que cualquier persona pueda comunicar la sospecha o certeza de una conducta inapropiada o irregular de la que tenga conocimiento. GA_P respetar\u00e1 el anonimato de quienes decidan informar de este modo y observar\u00e1 una estricta confidencialidad a lo largo de todo el proceso. GA_P reconoce a comunicantes y a cualquier otra persona que pudiera estar involucrada los derechos de L 2\/2023, en todos aquellos casos en que la comunicaci\u00f3n este dentro del marco de dicha norma.<\/p>\n\n<h2 class=\"wp-block-heading\">2. Qu\u00e9 informaci\u00f3n debe contener la denuncia<\/h2>\n\n<p><\/p>\n\n<p>Con el fin de poder investigar la informaci\u00f3n recibida, es necesario que la denuncia incluya (i) la descripci\u00f3n de la conducta que se desea comunicar, incluyendo la informaci\u00f3n con el m\u00e1ximo detalle (ii) la fecha y lugar en la que se ha producido (iii) identificaci\u00f3n de la persona\/as denunciadas (iv) si se dispone de alguna documentaci\u00f3n relacionada, adj\u00fantela, por favor. (v) indique si considera que hay alg\u00fan riesgo para usted u otras personas (vi) cualquier otro aspecto que considere relevante (vii) fecha de env\u00edo de la comunicaci\u00f3n.<\/p>\n\n<h2 class=\"wp-block-heading\">3. Tr\u00e1mite de la denuncia<\/h2>\n\n<p><\/p>\n\n<p>El procedimiento se inicia cuando se recibe la denuncia, a trav\u00e9s de este canal, procediendo a su registro y asign\u00e1ndole un n\u00famero \u00fanico. Registrada la comunicaci\u00f3n, se eval\u00faa si aqu\u00e9lla expone hechos o conductas que se encuentran dentro del \u00e1mbito de aplicaci\u00f3n del canal de denuncia o de la ley, y si los hechos pueden ser constitutivos de delito.<br\/>Aceptada su tramitaci\u00f3n, en un plazo no superior a 7 d\u00edas, se emitir\u00e1 acuse de recibo y se proceder\u00e1 a recopilar m\u00e1s informaci\u00f3n y a tomar medidas preliminares. Terminada la investigaci\u00f3n, el Responsable del Sistema emitir\u00e1 sus conclusiones en un plazo no superior a 3 meses desde la recepci\u00f3n de la denuncia y emitir\u00e1, posteriormente, un informe final. Si usted ha optado por el anonimato le recomendamos que nos facilite un m\u00e9todo seguro para contactarle de forma an\u00f3nima como, por ejemplo, una direcci\u00f3n de mail creada ad-hoc.<\/p>\n\n<h2 class=\"wp-block-heading\">4. Canal externo de denuncia<\/h2>\n\n<p><\/p>\n\n<p>De manera complementaria a este Canal, toda persona f\u00edsica podr\u00e1 informar de irregularidades ante la Autoridad Independiente de Protecci\u00f3n al comunicante, A.A.I, o ante las autoridades u \u00f3rganos auton\u00f3micos correspondientes. Esta informaci\u00f3n tambi\u00e9n puede comunicarse de manera an\u00f3nima.<\/p>\n\n<h2 class=\"wp-block-heading\">5. Protecci\u00f3n de datos<\/h2>\n\n<p><\/p>\n\n<p>Antes de enviar la informaci\u00f3n, debe leer atentamente el texto de Privacidad de datos. Evite enviar datos personales no relevantes para el proceso.<\/p>\n\n<figure class=\"wp-block-table\"><table><thead><tr><th>M\u00e9todos de comunicaci\u00f3n<\/th><\/tr><\/thead><tbody><tr><td>Correo postal<\/td><td>P.\u00ba de la Castellana, 216 &#8211; 28046 Madrid.<\/td><\/tr><tr><td>Correo electr\u00f3nico<\/td><td>informantes_sii@ga-p.com<\/td><\/tr><tr><td>V\u00eda telef\u00f3nica (mensaje de voz)*<\/td><td>180 (llamada desde el interior) | 91 582 9180 (llamada desde el exterior)<\/td><\/tr><\/tbody><\/table><figcaption class=\"wp-element-caption\">*el informante no aparecer\u00e1 identificado.<\/figcaption><\/figure>\n\n<h6 class=\"wp-block-heading\"><\/h6>\n\n<div id=\"Documento-block_e21d59110c51a7b026ea4e02d547e966\" class=\"Documento\">\n    <div class=\"textImage col-12 col-lg-5 col-xl-6 col-xxl-7\">\n        <img decoding=\"async\" alt=\"icon\" src=\"https:\/\/ga-p.com\/wp-content\/themes\/ga-p\/assets\/images\/document-icon-blu.svg\" \/>\n        <div class=\"titulo\"><h3>Manual del Servicio de Informaci\u00f3n Integrada<\/h3>\n<\/div>\n    <\/div>\n    <div class=\"enlace\">\n                    <a class=\"primaryCta\" href=\"https:\/\/ga-p.com\/wp-content\/uploads\/2024\/07\/Manual-SII-1.pdf\" target=\"_blank\">Ver documento                <img decoding=\"async\" alt=\"icon\" src=\"https:\/\/ga-p.com\/wp-content\/themes\/ga-p\/assets\/images\/external-icon.svg\" \/>\n            <\/a>\n            <\/div>\n<\/div>\n\n<div id=\"Documento-block_a093c8d9b0f4ca7dde57c2f0add9ea1c\" class=\"Documento\">\n    <div class=\"textImage col-12 col-lg-5 col-xl-6 col-xxl-7\">\n        <img decoding=\"async\" alt=\"icon\" src=\"https:\/\/ga-p.com\/wp-content\/themes\/ga-p\/assets\/images\/document-icon-blu.svg\" \/>\n        <div class=\"titulo\"><h3>Formulario de interposici\u00f3n de denuncias<\/h3>\n<\/div>\n    <\/div>\n    <div class=\"enlace\">\n                    <a class=\"primaryCta\" href=\"https:\/\/ga-p.com\/wp-content\/uploads\/2024\/07\/Formulario-SII.pdf\" target=\"_blank\">Ver documento                <img decoding=\"async\" alt=\"icon\" src=\"https:\/\/ga-p.com\/wp-content\/themes\/ga-p\/assets\/images\/external-icon.svg\" \/>\n            <\/a>\n            <\/div>\n<\/div>\n\n<div id=\"Documento-block_a62fa4bd775ec9c78b5ec75a07aa73fc\" class=\"Documento\">\n    <div class=\"textImage col-12 col-lg-5 col-xl-6 col-xxl-7\">\n        <img decoding=\"async\" alt=\"icon\" src=\"https:\/\/ga-p.com\/wp-content\/themes\/ga-p\/assets\/images\/document-icon-blu.svg\" \/>\n        <div class=\"titulo\"><h3>Informacio\u0301n sobre proteccio\u0301n de datos<\/h3>\n<\/div>\n    <\/div>\n    <div class=\"enlace\">\n                    <a class=\"primaryCta\" href=\"https:\/\/ga-p.com\/wp-content\/uploads\/2024\/07\/Informacion-Proteccion-de-Datos-SII.pdf\" target=\"_blank\">Ver documento                <img decoding=\"async\" alt=\"icon\" src=\"https:\/\/ga-p.com\/wp-content\/themes\/ga-p\/assets\/images\/external-icon.svg\" \/>\n            <\/a>\n            <\/div>\n<\/div>\n\n<div id=\"Documento-block_31fdb1daa6e3f2a6cf957c78118d6351\" class=\"Documento\">\n    <div class=\"textImage col-12 col-lg-5 col-xl-6 col-xxl-7\">\n        <img decoding=\"async\" alt=\"icon\" src=\"https:\/\/ga-p.com\/wp-content\/themes\/ga-p\/assets\/images\/document-icon-blu.svg\" \/>\n        <div class=\"titulo\"><h3>Protocolo de conductas prohibidas<\/h3>\n<\/div>\n    <\/div>\n    <div class=\"enlace\">\n                    <a class=\"primaryCta\" href=\"https:\/\/ga-p.com\/wp-content\/uploads\/2024\/07\/Protocolo-de-conductas-prohibidas-SII.pdf\" target=\"_blank\">Ver documento                <img decoding=\"async\" alt=\"icon\" src=\"https:\/\/ga-p.com\/wp-content\/themes\/ga-p\/assets\/images\/external-icon.svg\" \/>\n            <\/a>\n            <\/div>\n<\/div>\n","protected":false},"excerpt":{"rendered":"<p>1. El canal de comunicaci\u00f3n y denuncia de GA_P La cultura de Compliance implantada por el Despacho lleva a la creaci\u00f3n de este canal de comunicaci\u00f3n y denuncia, en el que cualquier persona pueda comunicar la sospecha o certeza de una conducta inapropiada o irregular de la que tenga conocimiento. GA_P respetar\u00e1 el anonimato de [&hellip;]<\/p>\n","protected":false},"author":24,"featured_media":0,"parent":0,"menu_order":0,"comment_status":"closed","ping_status":"closed","template":"page-templates\/container.php","meta":{"_acf_changed":false,"footnotes":""},"class_list":["post-299116","page","type-page","status-publish","hentry"],"acf":[],"yoast_head":"<!-- This site is optimized with the Yoast SEO plugin v27.3 - https:\/\/yoast.com\/product\/yoast-seo-wordpress\/ -->\n<title>Whistleblowing - Despacho de abogados G\u00f3mez-Acebo &amp; Pombo<\/title>\n<meta name=\"description\" content=\"GA&amp;P crea un canal de comunicaci\u00f3n y denuncia an\u00f3nima para reportar conductas inapropiadas, garantizando confidencialidad y protecci\u00f3n de datos.\" \/>\n<meta name=\"robots\" content=\"index, follow, max-snippet:-1, max-image-preview:large, max-video-preview:-1\" \/>\n<link rel=\"canonical\" href=\"https:\/\/ga-p.com\/pt-pt\/whistleblowing\/\" \/>\n<meta property=\"og:locale\" content=\"pt_PT\" \/>\n<meta property=\"og:type\" content=\"article\" \/>\n<meta property=\"og:title\" content=\"Whistleblowing - Despacho de abogados G\u00f3mez-Acebo &amp; Pombo\" \/>\n<meta property=\"og:description\" content=\"GA&amp;P crea un canal de comunicaci\u00f3n y denuncia an\u00f3nima para reportar conductas inapropiadas, garantizando confidencialidad y protecci\u00f3n de datos.\" \/>\n<meta property=\"og:url\" content=\"https:\/\/ga-p.com\/pt-pt\/whistleblowing\/\" \/>\n<meta property=\"og:site_name\" content=\"Despacho de abogados G\u00f3mez-Acebo &amp; Pombo\" \/>\n<meta property=\"article:modified_time\" content=\"2024-09-18T09:14:13+00:00\" \/>\n<meta name=\"twitter:card\" content=\"summary_large_image\" \/>\n<meta name=\"twitter:label1\" content=\"Tempo estimado de leitura\" \/>\n\t<meta name=\"twitter:data1\" content=\"3 minutos\" \/>\n<script type=\"application\/ld+json\" class=\"yoast-schema-graph\">{\"@context\":\"https:\\\/\\\/schema.org\",\"@graph\":[{\"@type\":\"WebPage\",\"@id\":\"https:\\\/\\\/ga-p.com\\\/pt-pt\\\/whistleblowing\\\/\",\"url\":\"https:\\\/\\\/ga-p.com\\\/pt-pt\\\/whistleblowing\\\/\",\"name\":\"Whistleblowing - Despacho de abogados G\u00f3mez-Acebo &amp; Pombo\",\"isPartOf\":{\"@id\":\"https:\\\/\\\/ga-p.com\\\/pt-pt\\\/#website\"},\"datePublished\":\"2024-07-12T11:08:29+00:00\",\"dateModified\":\"2024-09-18T09:14:13+00:00\",\"description\":\"GA&P crea un canal de comunicaci\u00f3n y denuncia an\u00f3nima para reportar conductas inapropiadas, garantizando confidencialidad y protecci\u00f3n de datos.\",\"breadcrumb\":{\"@id\":\"https:\\\/\\\/ga-p.com\\\/pt-pt\\\/whistleblowing\\\/#breadcrumb\"},\"inLanguage\":\"pt-PT\",\"potentialAction\":[{\"@type\":\"ReadAction\",\"target\":[\"https:\\\/\\\/ga-p.com\\\/pt-pt\\\/whistleblowing\\\/\"]}]},{\"@type\":\"BreadcrumbList\",\"@id\":\"https:\\\/\\\/ga-p.com\\\/pt-pt\\\/whistleblowing\\\/#breadcrumb\",\"itemListElement\":[{\"@type\":\"ListItem\",\"position\":1,\"name\":\"Portada\",\"item\":\"https:\\\/\\\/ga-p.com\\\/pt-pt\\\/\"},{\"@type\":\"ListItem\",\"position\":2,\"name\":\"Whistleblowing\"}]},{\"@type\":\"WebSite\",\"@id\":\"https:\\\/\\\/ga-p.com\\\/pt-pt\\\/#website\",\"url\":\"https:\\\/\\\/ga-p.com\\\/pt-pt\\\/\",\"name\":\"Despacho de abogados G\u00f3mez-Acebo & Pombo\",\"description\":\"G\u00f3mez-Acebo &amp; Pombo es una firma de abogados independiente, con experiencia internacional, especializada en todas las \u00e1reas del derecho de los negocio.\",\"publisher\":{\"@id\":\"https:\\\/\\\/ga-p.com\\\/pt-pt\\\/#organization\"},\"potentialAction\":[{\"@type\":\"SearchAction\",\"target\":{\"@type\":\"EntryPoint\",\"urlTemplate\":\"https:\\\/\\\/ga-p.com\\\/pt-pt\\\/?s={search_term_string}\"},\"query-input\":{\"@type\":\"PropertyValueSpecification\",\"valueRequired\":true,\"valueName\":\"search_term_string\"}}],\"inLanguage\":\"pt-PT\"},{\"@type\":\"Organization\",\"@id\":\"https:\\\/\\\/ga-p.com\\\/pt-pt\\\/#organization\",\"name\":\"Despacho de abogados G\u00f3mez-Acebo & Pombo\",\"url\":\"https:\\\/\\\/ga-p.com\\\/pt-pt\\\/\",\"logo\":{\"@type\":\"ImageObject\",\"inLanguage\":\"pt-PT\",\"@id\":\"https:\\\/\\\/ga-p.com\\\/pt-pt\\\/#\\\/schema\\\/logo\\\/image\\\/\",\"url\":\"https:\\\/\\\/ga-p.com\\\/wp-content\\\/uploads\\\/2024\\\/09\\\/Logo-1-1.svg\",\"contentUrl\":\"https:\\\/\\\/ga-p.com\\\/wp-content\\\/uploads\\\/2024\\\/09\\\/Logo-1-1.svg\",\"caption\":\"Despacho de abogados G\u00f3mez-Acebo & Pombo\"},\"image\":{\"@id\":\"https:\\\/\\\/ga-p.com\\\/pt-pt\\\/#\\\/schema\\\/logo\\\/image\\\/\"}}]}<\/script>\n<!-- \/ Yoast SEO plugin. -->","yoast_head_json":{"title":"Whistleblowing - Despacho de abogados G\u00f3mez-Acebo &amp; Pombo","description":"GA&P crea un canal de comunicaci\u00f3n y denuncia an\u00f3nima para reportar conductas inapropiadas, garantizando confidencialidad y protecci\u00f3n de datos.","robots":{"index":"index","follow":"follow","max-snippet":"max-snippet:-1","max-image-preview":"max-image-preview:large","max-video-preview":"max-video-preview:-1"},"canonical":"https:\/\/ga-p.com\/pt-pt\/whistleblowing\/","og_locale":"pt_PT","og_type":"article","og_title":"Whistleblowing - Despacho de abogados G\u00f3mez-Acebo &amp; Pombo","og_description":"GA&P crea un canal de comunicaci\u00f3n y denuncia an\u00f3nima para reportar conductas inapropiadas, garantizando confidencialidad y protecci\u00f3n de datos.","og_url":"https:\/\/ga-p.com\/pt-pt\/whistleblowing\/","og_site_name":"Despacho de abogados G\u00f3mez-Acebo &amp; Pombo","article_modified_time":"2024-09-18T09:14:13+00:00","twitter_card":"summary_large_image","twitter_misc":{"Tempo estimado de leitura":"3 minutos"},"schema":{"@context":"https:\/\/schema.org","@graph":[{"@type":"WebPage","@id":"https:\/\/ga-p.com\/pt-pt\/whistleblowing\/","url":"https:\/\/ga-p.com\/pt-pt\/whistleblowing\/","name":"Whistleblowing - Despacho de abogados G\u00f3mez-Acebo &amp; Pombo","isPartOf":{"@id":"https:\/\/ga-p.com\/pt-pt\/#website"},"datePublished":"2024-07-12T11:08:29+00:00","dateModified":"2024-09-18T09:14:13+00:00","description":"GA&P crea un canal de comunicaci\u00f3n y denuncia an\u00f3nima para reportar conductas inapropiadas, garantizando confidencialidad y protecci\u00f3n de datos.","breadcrumb":{"@id":"https:\/\/ga-p.com\/pt-pt\/whistleblowing\/#breadcrumb"},"inLanguage":"pt-PT","potentialAction":[{"@type":"ReadAction","target":["https:\/\/ga-p.com\/pt-pt\/whistleblowing\/"]}]},{"@type":"BreadcrumbList","@id":"https:\/\/ga-p.com\/pt-pt\/whistleblowing\/#breadcrumb","itemListElement":[{"@type":"ListItem","position":1,"name":"Portada","item":"https:\/\/ga-p.com\/pt-pt\/"},{"@type":"ListItem","position":2,"name":"Whistleblowing"}]},{"@type":"WebSite","@id":"https:\/\/ga-p.com\/pt-pt\/#website","url":"https:\/\/ga-p.com\/pt-pt\/","name":"Despacho de abogados G\u00f3mez-Acebo & Pombo","description":"G\u00f3mez-Acebo &amp; Pombo es una firma de abogados independiente, con experiencia internacional, especializada en todas las \u00e1reas del derecho de los negocio.","publisher":{"@id":"https:\/\/ga-p.com\/pt-pt\/#organization"},"potentialAction":[{"@type":"SearchAction","target":{"@type":"EntryPoint","urlTemplate":"https:\/\/ga-p.com\/pt-pt\/?s={search_term_string}"},"query-input":{"@type":"PropertyValueSpecification","valueRequired":true,"valueName":"search_term_string"}}],"inLanguage":"pt-PT"},{"@type":"Organization","@id":"https:\/\/ga-p.com\/pt-pt\/#organization","name":"Despacho de abogados G\u00f3mez-Acebo & Pombo","url":"https:\/\/ga-p.com\/pt-pt\/","logo":{"@type":"ImageObject","inLanguage":"pt-PT","@id":"https:\/\/ga-p.com\/pt-pt\/#\/schema\/logo\/image\/","url":"https:\/\/ga-p.com\/wp-content\/uploads\/2024\/09\/Logo-1-1.svg","contentUrl":"https:\/\/ga-p.com\/wp-content\/uploads\/2024\/09\/Logo-1-1.svg","caption":"Despacho de abogados G\u00f3mez-Acebo & Pombo"},"image":{"@id":"https:\/\/ga-p.com\/pt-pt\/#\/schema\/logo\/image\/"}}]}},"_links":{"self":[{"href":"https:\/\/ga-p.com\/pt-pt\/wp-json\/wp\/v2\/pages\/299116","targetHints":{"allow":["GET"]}}],"collection":[{"href":"https:\/\/ga-p.com\/pt-pt\/wp-json\/wp\/v2\/pages"}],"about":[{"href":"https:\/\/ga-p.com\/pt-pt\/wp-json\/wp\/v2\/types\/page"}],"author":[{"embeddable":true,"href":"https:\/\/ga-p.com\/pt-pt\/wp-json\/wp\/v2\/users\/24"}],"replies":[{"embeddable":true,"href":"https:\/\/ga-p.com\/pt-pt\/wp-json\/wp\/v2\/comments?post=299116"}],"version-history":[{"count":0,"href":"https:\/\/ga-p.com\/pt-pt\/wp-json\/wp\/v2\/pages\/299116\/revisions"}],"wp:attachment":[{"href":"https:\/\/ga-p.com\/pt-pt\/wp-json\/wp\/v2\/media?parent=299116"}],"curies":[{"name":"wp","href":"https:\/\/api.w.org\/{rel}","templated":true}]}}