{"id":68508,"date":"2024-04-15T08:47:16","date_gmt":"2024-04-15T06:47:16","guid":{"rendered":"https:\/\/ga-p.com\/politica-de-privacidad\/"},"modified":"2025-07-30T09:42:39","modified_gmt":"2025-07-30T07:42:39","slug":"politica-de-privacidade","status":"publish","type":"page","link":"https:\/\/ga-p.com\/pt-pt\/politica-de-privacidade\/","title":{"rendered":"Pol\u00edtica de privacidade"},"content":{"rendered":"\n<p>A G\u00d3MEZ-ACEBO &amp; POMBO informa-o dos seguintes aspetos relativos \u00e0 prote\u00e7\u00e3o de dados:<\/p>\n\n\n\n<h2 class=\"wp-block-heading\">Respons\u00e1vel pelo tratamento<\/h2>\n\n\n\n<p>A G\u00d3MEZ-ACEBO &amp; POMBO ABOGADOS, S. L. P. (doravante, GA_P), com sede social no Paseo de la Castellana, n\u00famero 216, distrito postal 28046, Madrid (Espanha), e com o n\u00famero de telefone de contacto 91 582 91 00 e o endere\u00e7o de correio eletr\u00f3nico dpo@ga-p.com, \u00e9 a entidade respons\u00e1vel pelo tratamento dos seus dados pessoais no site https:\/\/ga-p.com atrav\u00e9s de:<\/p>\n\n\n\n<ul class=\"wp-block-list\">\n<li>Mensagens de contacto por e-mail, chamadas telef\u00f3nicas e redes sociais.<\/li>\n\n\n\n<li>Dados pessoais recolhidos atrav\u00e9s do formul\u00e1rio de novidades legislativas e publica\u00e7\u00f5es.<\/li>\n\n\n\n<li>Dados pessoais recolhidos atrav\u00e9s do formul\u00e1rio \u201cInscrever-se num evento\u201d.<\/li>\n\n\n\n<li>Dados pessoais recolhidos atrav\u00e9s do formul\u00e1rio \u201cRegisto Alumni\u201d.<\/li>\n<\/ul>\n\n\n\n<h2 class=\"wp-block-heading\">Encarregado da prote\u00e7\u00e3o de dados<\/h2>\n\n\n\n<p>O endere\u00e7o eletr\u00f3nico de contacto do encarregado da prote\u00e7\u00e3o de dados da GA_P \u00e9: dpo@ga-p.com.<\/p>\n\n\n\n<h2 class=\"wp-block-heading\">Car\u00e1cter obrigat\u00f3rio ou volunt\u00e1rio da comunica\u00e7\u00e3o de dados<\/h2>\n\n\n\n<p>O preenchimento do formul\u00e1rio \u00e9 volunt\u00e1rio e a consequ\u00eancia de n\u00e3o fornecer os seus dados ser\u00e1 a impossibilidade de receber as informa\u00e7\u00f5es solicitadas ou, se for caso disso, de ser contactado.<\/p>\n\n\n\n<h2 class=\"wp-block-heading\">Finalidades e legitimidade do tratamento<\/h2>\n\n\n\n<p>A GA_P informa que os dados pessoais que nos facultar voluntariamente atrav\u00e9s dos diversos meios habilitados para o efeito, tais como o site, perfis sociais, e-mail ou telefone de contacto, ser\u00e3o tratados para as seguintes finalidades:<\/p>\n\n\n\n<ul class=\"wp-block-list\">\n<li>Rece\u00e7\u00e3o de e-mails, chamadas telef\u00f3nicas e redes sociais.<\/li>\n<\/ul>\n\n\n\n<p>Os dados pessoais recolhidos a partir de e-mails, chamadas telef\u00f3nicas e perfis da GA_P nas redes sociais ser\u00e3o tratados para o identificar e atender a qualquer pedido ou consulta que nos fa\u00e7a com base na legitimidade do consentimento que nos d\u00e1, seja porque nos contactou atrav\u00e9s dos meios habilitados para tal, seja porque nos solicitou expressamente.<\/p>\n\n\n\n<ul class=\"wp-block-list\">\n<li>Formul\u00e1rio de novidades legislativas e publica\u00e7\u00f5es.<\/li>\n<\/ul>\n\n\n\n<p>Os dados pessoais recolhidos neste formul\u00e1rio ser\u00e3o tratados para o envio de informa\u00e7\u00f5es sobre servi\u00e7os, eventos, semin\u00e1rios, confer\u00eancias e outras iniciativas promovidas pela GA_P, bem como da <em>newsletter <\/em>e publica\u00e7\u00f5es sobre a atualidade jur\u00eddica, com base na legitimidade do consentimento que nos d\u00e1 ao preencher, assinalando a caixa e enviando o formul\u00e1rio, e com base no interesse leg\u00edtimo da GA_P nos casos em que existe uma rela\u00e7\u00e3o com a GA_P e em que as informa\u00e7\u00f5es que lhe enviamos est\u00e3o relacionadas com os produtos e servi\u00e7os que lhe prestamos ou que contratou.<\/p>\n\n\n\n<p>Os dados pessoais recolhidos neste formul\u00e1rio ser\u00e3o tratados para gerir o seu registo e participa\u00e7\u00e3o no evento pela GA_P e, se for o caso, tamb\u00e9m pela empresa que organiza o evento em colabora\u00e7\u00e3o com a GA_P, sobre a qual ser\u00e1 informado aquando o an\u00fancio do evento; selecion\u00e1mo-lo para a participa\u00e7\u00e3o de acordo com os dados de cargo\/fun\u00e7\u00e3o e organiza\u00e7\u00e3o fornecidos, com base na legitimidade do consentimento que nos d\u00e1 ao preencher, marcar a caixa e enviar o formul\u00e1rio. Os dados de identidade tamb\u00e9m ser\u00e3o tratados para a gest\u00e3o da seguran\u00e7a no acesso aos locais onde o evento \u00e9 realizado presencialmente, atrav\u00e9s do n\u00famero do documento de identidade, com base no interesse leg\u00edtimo na seguran\u00e7a das pessoas e bens da GA_P ou da entidade propriet\u00e1ria do im\u00f3vel que controla o acesso ao local onde o evento \u00e9 realizado.<\/p>\n\n\n\n<ul class=\"wp-block-list\">\n<li>Formul\u00e1rio de \u201cRegisto Alumni\u201d.<\/li>\n<\/ul>\n\n\n\n<p>Os dados pessoais recolhidos neste formul\u00e1rio ser\u00e3o tratados, ap\u00f3s verifica\u00e7\u00e3o da sua condi\u00e7\u00e3o de ex-aluno, para lhe enviar convites e comunica\u00e7\u00f5es por meios eletr\u00f3nicos sobre os eventos e atividades realizados pela GA_P para colegas, tanto na sua localiza\u00e7\u00e3o como noutras, com base na legitimidade do consentimento que nos d\u00e1 ao preencher, assinalar a caixa e enviar o formul\u00e1rio. Tamb\u00e9m ser\u00e3o tratados os dados de contacto, fun\u00e7\u00e3o e cargo das pessoas f\u00edsicas que prestam servi\u00e7os numa pessoa jur\u00eddica ou como empres\u00e1rio individual ou profissional liberal, com base no artigo 19.\u00ba da LOPDGDD para a sua localiza\u00e7\u00e3o profissional e para manter rela\u00e7\u00f5es de qualquer natureza com a pessoa jur\u00eddica, o empres\u00e1rio ou o profissional.<\/p>\n\n\n\n<h2 class=\"wp-block-heading\">Destinat\u00e1rios dos dados<\/h2>\n\n\n\n<p>Os dados identificativos e de contacto recolhidos para a participa\u00e7\u00e3o em algum evento realizado pela GA_P em colabora\u00e7\u00e3o com alguma empresa ser\u00e3o comunicados a essa empresa com base no consentimento concedido ao inscrever-se nesse evento para o controlo da participa\u00e7\u00e3o no mesmo. Os seus dados de nome, apelidos e BI tamb\u00e9m ser\u00e3o comunicados, por quest\u00f5es de seguran\u00e7a, \u00e0 empresa que controla o acesso \u00e0s instala\u00e7\u00f5es onde s\u00e3o realizados os eventos da GA_P, com base no interesse leg\u00edtimo da seguran\u00e7a das pessoas e dos bens.<\/p>\n\n\n\n<p>Os destinat\u00e1rios dos dados poder\u00e3o ser empresas terceiras externas \u00e0 GA_P (subcontratantes) que tratar\u00e3o os seus dados com o objetivo de prestar servi\u00e7os auxiliares \u00e0 GA_P que envolvam fun\u00e7\u00f5es de apoio necess\u00e1rias para a atividade e os tratamentos principais indicados na sec\u00e7\u00e3o \u00abfinalidades e legitimidade do tratamento\u00bb. Os dados ser\u00e3o tratados por esses respons\u00e1veis ao abrigo de um contrato de presta\u00e7\u00e3o de servi\u00e7os e de um contrato de subcontrata\u00e7\u00e3o do tratamento, em conformidade com as normas de prote\u00e7\u00e3o de dados.<\/p>\n\n\n\n<h2 class=\"wp-block-heading\">Transfer\u00eancias internacionais de dados<\/h2>\n\n\n\n<p>Os seus dados pessoais tratados para os fins indicados na sec\u00e7\u00e3o \u00abFinalidades e legitimidade do tratamento\u00bb n\u00e3o ser\u00e3o transferidos internacionalmente.<\/p>\n\n\n\n<h2 class=\"wp-block-heading\">Per\u00edodo de conserva\u00e7\u00e3o dos dados<\/h2>\n\n\n\n<p>Os dados pessoais que nos fornecer ser\u00e3o conservados durante o tempo necess\u00e1rio para os fins da recolha desses dados pessoais ou at\u00e9 que revogue, sem efeitos retroativos, os consentimentos concedidos para o tratamento dos dados, desde que n\u00e3o solicite previamente a supress\u00e3o dos seus dados. Posteriormente, permanecer\u00e3o bloqueados durante o prazo de prescri\u00e7\u00e3o das responsabilidades decorrentes do tratamento dos dados pessoais.<\/p>\n\n\n\n<h2 class=\"wp-block-heading\">Direitos<\/h2>\n\n\n\n<p>Os seus dados pessoais tratados para os fins indicados na sec\u00e7\u00e3o \u00abFinalidades e legitimidade do tratamento\u00bb n\u00e3o ser\u00e3o transferidos internacionalmente.<\/p>\n\n\n\n<ul class=\"wp-block-list\">\n<li>Direitos de acesso, retifica\u00e7\u00e3o, apagamento, limita\u00e7\u00e3o, oposi\u00e7\u00e3o, direito a n\u00e3o ser objeto de uma decis\u00e3o automatizada, incluindo a defini\u00e7\u00e3o de perfis e a portabilidade &#8211; sempre que esta \u00faltima seja legalmente aplic\u00e1vel &#8211; que podem ser exercidos enviando um pedido ao Departamento de Inova\u00e7\u00e3o e Desenvolvimento de Clientes da GA_P, no endere\u00e7o Paseo de la Castellana, 216, distrito postal 28046, Madrid (Espanha), ou para o endere\u00e7o eletr\u00f3nico dpo@ga-p.com, um pedido indicando o direito que exerce e, se o respons\u00e1vel pelo tratamento n\u00e3o puder comprovar a sua identidade, um documento (ou c\u00f3pia de um documento) que comprove a sua identidade.<\/li>\n\n\n\n<li>O direito de revogar o seu consentimento sem efeitos retroativos ou de se opor \u00e0 rece\u00e7\u00e3o de comunica\u00e7\u00f5es comerciais, enviando uma mensagem de correio eletr\u00f3nico para o seguinte endere\u00e7o: dpo@ga-p.com (indicando &#8220;UNSUBSCRIBE&#8221; na linha de assunto). Com base no interesse leg\u00edtimo de n\u00e3o lhe enviar novamente este tipo de comunica\u00e7\u00f5es, os seus dados m\u00ednimos indispens\u00e1veis s\u00e3o necess\u00e1rios para adotar as medidas necess\u00e1rias que evitem o envio dessas comunica\u00e7\u00f5es comerciais.<\/li>\n\n\n\n<li>E o direito de apresentar uma reclama\u00e7\u00e3o junto de uma autoridade de controlo (em Espanha, a Ag\u00eancia Espanhola de Prote\u00e7\u00e3o de Dados, Calle de Jorge Juan, 6, distrito postal 28001, Madrid; www.agpd.es; telefone: 901 100 099 e 912 663 517), nomeadamente em rela\u00e7\u00e3o ao exerc\u00edcio dos seus direitos. Pode contactar previamente o delegado de prote\u00e7\u00e3o de dados atrav\u00e9s do endere\u00e7o eletr\u00f3nico: dpo@ga-p.com.<\/li>\n<\/ul>\n","protected":false},"excerpt":{"rendered":"<p>A G\u00d3MEZ-ACEBO &amp; POMBO informa-o dos seguintes aspetos relativos \u00e0 prote\u00e7\u00e3o de dados: Respons\u00e1vel pelo tratamento A G\u00d3MEZ-ACEBO &amp; POMBO ABOGADOS, S. L. P. (doravante, GA_P), com sede social no Paseo de la Castellana, n\u00famero 216, distrito postal 28046, Madrid (Espanha), e com o n\u00famero de telefone de contacto 91 582 91 00 e o [&hellip;]<\/p>\n","protected":false},"author":3,"featured_media":0,"parent":0,"menu_order":0,"comment_status":"closed","ping_status":"closed","template":"page-templates\/container.php","meta":{"_acf_changed":false,"footnotes":""},"class_list":["post-68508","page","type-page","status-publish","hentry"],"acf":[],"yoast_head":"<!-- This site is optimized with the Yoast SEO plugin v27.3 - https:\/\/yoast.com\/product\/yoast-seo-wordpress\/ -->\n<title>Pol\u00edtica de privacidade - Despacho de abogados G\u00f3mez-Acebo &amp; Pombo<\/title>\n<meta name=\"description\" content=\"A pol\u00edtica de privacidade detalha o processamento de dados, a base legal, a reten\u00e7\u00e3o, as pol\u00edticas de comunica\u00e7\u00e3o e os direitos dos usu\u00e1rios.\" \/>\n<meta name=\"robots\" content=\"index, follow, max-snippet:-1, max-image-preview:large, max-video-preview:-1\" \/>\n<link rel=\"canonical\" href=\"https:\/\/ga-p.com\/pt-pt\/politica-de-privacidade\/\" \/>\n<meta property=\"og:locale\" content=\"pt_PT\" \/>\n<meta property=\"og:type\" content=\"article\" \/>\n<meta property=\"og:title\" content=\"Pol\u00edtica de privacidade - Despacho de abogados G\u00f3mez-Acebo &amp; Pombo\" \/>\n<meta property=\"og:description\" content=\"A pol\u00edtica de privacidade detalha o processamento de dados, a base legal, a reten\u00e7\u00e3o, as pol\u00edticas de comunica\u00e7\u00e3o e os direitos dos usu\u00e1rios.\" \/>\n<meta property=\"og:url\" content=\"https:\/\/ga-p.com\/pt-pt\/politica-de-privacidade\/\" \/>\n<meta property=\"og:site_name\" content=\"Despacho de abogados G\u00f3mez-Acebo &amp; Pombo\" \/>\n<meta property=\"article:modified_time\" content=\"2025-07-30T07:42:39+00:00\" \/>\n<meta name=\"twitter:card\" content=\"summary_large_image\" \/>\n<meta name=\"twitter:label1\" content=\"Tempo estimado de leitura\" \/>\n\t<meta name=\"twitter:data1\" content=\"6 minutos\" \/>\n<script type=\"application\/ld+json\" class=\"yoast-schema-graph\">{\"@context\":\"https:\\\/\\\/schema.org\",\"@graph\":[{\"@type\":\"WebPage\",\"@id\":\"https:\\\/\\\/ga-p.com\\\/pt-pt\\\/politica-de-privacidade\\\/\",\"url\":\"https:\\\/\\\/ga-p.com\\\/pt-pt\\\/politica-de-privacidade\\\/\",\"name\":\"Pol\u00edtica de privacidade - Despacho de abogados G\u00f3mez-Acebo &amp; Pombo\",\"isPartOf\":{\"@id\":\"https:\\\/\\\/ga-p.com\\\/pt-pt\\\/#website\"},\"datePublished\":\"2024-04-15T06:47:16+00:00\",\"dateModified\":\"2025-07-30T07:42:39+00:00\",\"description\":\"A pol\u00edtica de privacidade detalha o processamento de dados, a base legal, a reten\u00e7\u00e3o, as pol\u00edticas de comunica\u00e7\u00e3o e os direitos dos usu\u00e1rios.\",\"breadcrumb\":{\"@id\":\"https:\\\/\\\/ga-p.com\\\/pt-pt\\\/politica-de-privacidade\\\/#breadcrumb\"},\"inLanguage\":\"pt-PT\",\"potentialAction\":[{\"@type\":\"ReadAction\",\"target\":[\"https:\\\/\\\/ga-p.com\\\/pt-pt\\\/politica-de-privacidade\\\/\"]}]},{\"@type\":\"BreadcrumbList\",\"@id\":\"https:\\\/\\\/ga-p.com\\\/pt-pt\\\/politica-de-privacidade\\\/#breadcrumb\",\"itemListElement\":[{\"@type\":\"ListItem\",\"position\":1,\"name\":\"Portada\",\"item\":\"https:\\\/\\\/ga-p.com\\\/pt-pt\\\/\"},{\"@type\":\"ListItem\",\"position\":2,\"name\":\"Pol\u00edtica de privacidade\"}]},{\"@type\":\"WebSite\",\"@id\":\"https:\\\/\\\/ga-p.com\\\/pt-pt\\\/#website\",\"url\":\"https:\\\/\\\/ga-p.com\\\/pt-pt\\\/\",\"name\":\"Despacho de abogados G\u00f3mez-Acebo & Pombo\",\"description\":\"G\u00f3mez-Acebo &amp; Pombo es una firma de abogados independiente, con experiencia internacional, especializada en todas las \u00e1reas del derecho de los negocio.\",\"publisher\":{\"@id\":\"https:\\\/\\\/ga-p.com\\\/pt-pt\\\/#organization\"},\"potentialAction\":[{\"@type\":\"SearchAction\",\"target\":{\"@type\":\"EntryPoint\",\"urlTemplate\":\"https:\\\/\\\/ga-p.com\\\/pt-pt\\\/?s={search_term_string}\"},\"query-input\":{\"@type\":\"PropertyValueSpecification\",\"valueRequired\":true,\"valueName\":\"search_term_string\"}}],\"inLanguage\":\"pt-PT\"},{\"@type\":\"Organization\",\"@id\":\"https:\\\/\\\/ga-p.com\\\/pt-pt\\\/#organization\",\"name\":\"Despacho de abogados G\u00f3mez-Acebo & Pombo\",\"url\":\"https:\\\/\\\/ga-p.com\\\/pt-pt\\\/\",\"logo\":{\"@type\":\"ImageObject\",\"inLanguage\":\"pt-PT\",\"@id\":\"https:\\\/\\\/ga-p.com\\\/pt-pt\\\/#\\\/schema\\\/logo\\\/image\\\/\",\"url\":\"https:\\\/\\\/ga-p.com\\\/wp-content\\\/uploads\\\/2024\\\/09\\\/Logo-1-1.svg\",\"contentUrl\":\"https:\\\/\\\/ga-p.com\\\/wp-content\\\/uploads\\\/2024\\\/09\\\/Logo-1-1.svg\",\"caption\":\"Despacho de abogados G\u00f3mez-Acebo & Pombo\"},\"image\":{\"@id\":\"https:\\\/\\\/ga-p.com\\\/pt-pt\\\/#\\\/schema\\\/logo\\\/image\\\/\"}}]}<\/script>\n<!-- \/ Yoast SEO plugin. -->","yoast_head_json":{"title":"Pol\u00edtica de privacidade - Despacho de abogados G\u00f3mez-Acebo &amp; Pombo","description":"A pol\u00edtica de privacidade detalha o processamento de dados, a base legal, a reten\u00e7\u00e3o, as pol\u00edticas de comunica\u00e7\u00e3o e os direitos dos usu\u00e1rios.","robots":{"index":"index","follow":"follow","max-snippet":"max-snippet:-1","max-image-preview":"max-image-preview:large","max-video-preview":"max-video-preview:-1"},"canonical":"https:\/\/ga-p.com\/pt-pt\/politica-de-privacidade\/","og_locale":"pt_PT","og_type":"article","og_title":"Pol\u00edtica de privacidade - Despacho de abogados G\u00f3mez-Acebo &amp; Pombo","og_description":"A pol\u00edtica de privacidade detalha o processamento de dados, a base legal, a reten\u00e7\u00e3o, as pol\u00edticas de comunica\u00e7\u00e3o e os direitos dos usu\u00e1rios.","og_url":"https:\/\/ga-p.com\/pt-pt\/politica-de-privacidade\/","og_site_name":"Despacho de abogados G\u00f3mez-Acebo &amp; Pombo","article_modified_time":"2025-07-30T07:42:39+00:00","twitter_card":"summary_large_image","twitter_misc":{"Tempo estimado de leitura":"6 minutos"},"schema":{"@context":"https:\/\/schema.org","@graph":[{"@type":"WebPage","@id":"https:\/\/ga-p.com\/pt-pt\/politica-de-privacidade\/","url":"https:\/\/ga-p.com\/pt-pt\/politica-de-privacidade\/","name":"Pol\u00edtica de privacidade - Despacho de abogados G\u00f3mez-Acebo &amp; Pombo","isPartOf":{"@id":"https:\/\/ga-p.com\/pt-pt\/#website"},"datePublished":"2024-04-15T06:47:16+00:00","dateModified":"2025-07-30T07:42:39+00:00","description":"A pol\u00edtica de privacidade detalha o processamento de dados, a base legal, a reten\u00e7\u00e3o, as pol\u00edticas de comunica\u00e7\u00e3o e os direitos dos usu\u00e1rios.","breadcrumb":{"@id":"https:\/\/ga-p.com\/pt-pt\/politica-de-privacidade\/#breadcrumb"},"inLanguage":"pt-PT","potentialAction":[{"@type":"ReadAction","target":["https:\/\/ga-p.com\/pt-pt\/politica-de-privacidade\/"]}]},{"@type":"BreadcrumbList","@id":"https:\/\/ga-p.com\/pt-pt\/politica-de-privacidade\/#breadcrumb","itemListElement":[{"@type":"ListItem","position":1,"name":"Portada","item":"https:\/\/ga-p.com\/pt-pt\/"},{"@type":"ListItem","position":2,"name":"Pol\u00edtica de privacidade"}]},{"@type":"WebSite","@id":"https:\/\/ga-p.com\/pt-pt\/#website","url":"https:\/\/ga-p.com\/pt-pt\/","name":"Despacho de abogados G\u00f3mez-Acebo & Pombo","description":"G\u00f3mez-Acebo &amp; Pombo es una firma de abogados independiente, con experiencia internacional, especializada en todas las \u00e1reas del derecho de los negocio.","publisher":{"@id":"https:\/\/ga-p.com\/pt-pt\/#organization"},"potentialAction":[{"@type":"SearchAction","target":{"@type":"EntryPoint","urlTemplate":"https:\/\/ga-p.com\/pt-pt\/?s={search_term_string}"},"query-input":{"@type":"PropertyValueSpecification","valueRequired":true,"valueName":"search_term_string"}}],"inLanguage":"pt-PT"},{"@type":"Organization","@id":"https:\/\/ga-p.com\/pt-pt\/#organization","name":"Despacho de abogados G\u00f3mez-Acebo & Pombo","url":"https:\/\/ga-p.com\/pt-pt\/","logo":{"@type":"ImageObject","inLanguage":"pt-PT","@id":"https:\/\/ga-p.com\/pt-pt\/#\/schema\/logo\/image\/","url":"https:\/\/ga-p.com\/wp-content\/uploads\/2024\/09\/Logo-1-1.svg","contentUrl":"https:\/\/ga-p.com\/wp-content\/uploads\/2024\/09\/Logo-1-1.svg","caption":"Despacho de abogados G\u00f3mez-Acebo & Pombo"},"image":{"@id":"https:\/\/ga-p.com\/pt-pt\/#\/schema\/logo\/image\/"}}]}},"_links":{"self":[{"href":"https:\/\/ga-p.com\/pt-pt\/wp-json\/wp\/v2\/pages\/68508","targetHints":{"allow":["GET"]}}],"collection":[{"href":"https:\/\/ga-p.com\/pt-pt\/wp-json\/wp\/v2\/pages"}],"about":[{"href":"https:\/\/ga-p.com\/pt-pt\/wp-json\/wp\/v2\/types\/page"}],"author":[{"embeddable":true,"href":"https:\/\/ga-p.com\/pt-pt\/wp-json\/wp\/v2\/users\/3"}],"replies":[{"embeddable":true,"href":"https:\/\/ga-p.com\/pt-pt\/wp-json\/wp\/v2\/comments?post=68508"}],"version-history":[{"count":0,"href":"https:\/\/ga-p.com\/pt-pt\/wp-json\/wp\/v2\/pages\/68508\/revisions"}],"wp:attachment":[{"href":"https:\/\/ga-p.com\/pt-pt\/wp-json\/wp\/v2\/media?parent=68508"}],"curies":[{"name":"wp","href":"https:\/\/api.w.org\/{rel}","templated":true}]}}